{"id":108,"date":"2015-08-09T06:39:39","date_gmt":"2015-08-09T10:39:39","guid":{"rendered":"http:\/\/badmintonlachine.com\/2015\/?page_id=108"},"modified":"2026-01-13T08:59:41","modified_gmt":"2026-01-13T13:59:41","slug":"inscriptions","status":"publish","type":"page","link":"https:\/\/badmintonlachine.com\/2015\/inscriptions\/","title":{"rendered":"Inscriptions 2025-2026"},"content":{"rendered":"<p>Pour faciliter les inscriptions, Badminton Lachine utilise le service centralis\u00e9 Amilia.<\/p>\n\n<table id=\"tablepress-inscriptions\" class=\"tablepress tablepress-id-inscriptions\">\n<tbody>\n<tr class=\"row-1\">\n\t<td class=\"column-1\"><\/td><td class=\"column-2\"><\/td><td class=\"column-3\"><\/td><td class=\"column-4\"><\/td>\n<\/tr>\n<tr class=\"row-2\">\n\t<td class=\"column-1\"><a href=\"https:\/\/www.amilia.com\/store\/fr\/badminton-lachine\/shop\/programs\" target=\"_blank\" rel=\"noopener noreferrer\"><img loading=\"lazy\" decoding=\"async\" src=\"http:\/\/badmintonlachine.com\/2015\/wp-content\/uploads\/2015\/08\/Button_green-e1440801151378.png\" alt=\"AMILIA\" width=\"100\" height=\"117\" class=\"aligncenter size-full wp-image-759\" \/><\/a><\/td><td class=\"column-2\"><p style=\"text-align: center;\"><strong><span style=\"color: #ff0000;\">VOIR<\/span><\/strong><br \/>\n<strong><span style=\"color: #ff0000;\">LES<\/span><\/strong><br \/>\n<strong><span style=\"color: #ff0000;\">ACTIVIT\u00c9S<\/span><\/strong><\/p><\/td><td class=\"column-3\">Si vous disposez d\u00e9j\u00e0 d'un compte sur AMILIA ou que vous souhaitez juste visualiser la programmation<\/td><td class=\"column-4\"><\/td>\n<\/tr>\n<tr class=\"row-3\">\n\t<td class=\"column-1\"><\/td><td class=\"column-2\"><\/td><td class=\"column-3\"><\/td><td class=\"column-4\"><\/td>\n<\/tr>\n<\/tbody>\n<\/table>\n<!-- #tablepress-inscriptions from cache -->\n<p><em>Veuillez noter que les frais d&rsquo;administration d&rsquo;Amilia sont de 8.5%, applicables \u00e0 votre transaction.<\/em><\/p>\n<hr \/>\n<p>Voici les diff\u00e9rentes \u00e9tapes afin de compl\u00e9ter votre inscription :<\/p>\n<p>1. Cliquez sur l\u2019onglet : inscription en ligne (bouton vert) \u2013 le lien va vous rediriger vers le site d\u2019Amilia.<\/p>\n<p>&#8211; Si vous avez d\u00e9j\u00e0 un compte client, cliquez sur le lien connexion en haut \u00e0 droite de la plage (entrez votre courriel et mot de passe). Ensuite, cliquez sur le lien Commencer une inscription (en vert) afin d&rsquo;acc\u00e9der \u00e0 la programmation et suivez les \u00e9tapes.<\/p>\n<p>&#8211; Si vous \u00eates un nouvel utilisateur, entrez votre courriel et un mot de passe afin de cr\u00e9er votre identifiant Amilia. Un courriel de confirmation sera alors envoy\u00e9 \u00e0 l&rsquo;adresse courriel que vous avez indiqu\u00e9 et il vous faudra ensuite cliquer sur le lien du courriel afin de valider votre adresse.<\/p>\n<p>2. Cr\u00e9ation d\u2019un compte utilisateur Amilia :<\/p>\n<ul>\n<li>Cliquez sur l\u2019onglet nouvel utilisateur et remplissez les champs demand\u00e9s<\/li>\n<li>Une fois les donn\u00e9es rentr\u00e9es, cliquez sur cr\u00e9er utilisateur<\/li>\n<\/ul>\n<p>3. Dans la section : 1.Formulaire- Cliquez sur ajouter une personne (lien en vert) et remplissez les donn\u00e9es relatives \u00e0 cette personne (Il vous faudra remplir une fiche par personne).<\/p>\n<p>4. Une fois que le(s) profil(s) seront cr\u00e9\u00e9s, cliquez sur \u00ab\u00a0prochaine \u00e9tape\u00a0\u00bb (lien en vert \u00e0 gauche de l\u2019\u00e9cran).<\/p>\n<p>5. Cliquez sur Inscriptions adultes saison 20XX-20YY (en bleu) et ensuite sur le + \u00e0 c\u00f4t\u00e9 de l&rsquo;onglet Badminton afin de voir les diff\u00e9rentes plages horaires disponible. Pour voir les d\u00e9tails d&rsquo;une plage horaire en particulier, veuillez choisir la plage horaire et cliquez sur le lien de la plage horaire (en bleu).<\/p>\n<p>6. En cliquant sur le lien Inscription, cela vous donne les choix des personnes \u00e0 ajouter \u00e0 cette activit\u00e9. Cliquez sur \u00ab\u00a0Ajouter au panier\u00a0\u00bb pour les personnes voulues.<\/p>\n<p>7. Une fois que votre choix est fait, votre panier (en haut \u00e0 droite) indiquera le montant \u00e0 payer et \u00e9galement le temps restant pour effectuer votre achat. Cliquez sur le triangle \u00e0 c\u00f4t\u00e9 du montant d&rsquo;argent afin de continuer votre commande.<\/p>\n<p>8. Votre r\u00e9sum\u00e9 de commande appara\u00eetra. Ensuite, cliquez sur \u00ab\u00a0Commander\u00a0\u00bb pour continuer votre achat. L&rsquo;\u00e9tape 2 vous r\u00e9sume vos infos personnelles. S&rsquo;il y a lieu, faites vos changements, sinon cliquez sur \u00ab\u00a0Sauvegarder\u00a0\u00bb et ensuite sur \u00ab\u00a0Payer ma commande\u00a0\u00bb afin d&rsquo;acc\u00e9der \u00e0 l&rsquo;\u00e9tape 3.<\/p>\n<p>9. \u00c0 l&rsquo;\u00e9tape \u00ab\u00a0Paiement\u00a0\u00bb, veuillez entrer les infos de votre carte de cr\u00e9dit et cliquez sur \u00ab\u00a0Payer maintenant\u00a0\u00bb pour confirmer votre commande.<\/p>\n<p>10. \u00c0 l&rsquo;\u00e9tape 4 de confirmation, vous trouverez vos infos concernant l\u2019inscription et votre paiement. Vous pouvez imprimer cette page de confirmation et la pr\u00e9senter \u00e0 l&rsquo;animateur lors de votre premi\u00e8re soir\u00e9e de jeu.<\/p>\n","protected":false},"excerpt":{"rendered":"<p>Pour faciliter les inscriptions, Badminton Lachine utilise le service centralis\u00e9 Amilia. Veuillez noter que les frais d&rsquo;administration d&rsquo;Amilia sont de 8.5%, applicables \u00e0 votre transaction. Voici les diff\u00e9rentes \u00e9tapes afin de compl\u00e9ter votre inscription : 1. Cliquez sur l\u2019onglet : inscription en ligne (bouton vert) \u2013 le lien va vous rediriger vers le site d\u2019Amilia.<a href=\"https:\/\/badmintonlachine.com\/2015\/inscriptions\/\">[&#8230;]<\/a><\/p>\n","protected":false},"author":1,"featured_media":0,"parent":0,"menu_order":0,"comment_status":"closed","ping_status":"open","template":"template-fullwidth.php","meta":{"footnotes":""},"class_list":["post-108","page","type-page","status-publish","hentry"],"_links":{"self":[{"href":"https:\/\/badmintonlachine.com\/2015\/wp-json\/wp\/v2\/pages\/108","targetHints":{"allow":["GET"]}}],"collection":[{"href":"https:\/\/badmintonlachine.com\/2015\/wp-json\/wp\/v2\/pages"}],"about":[{"href":"https:\/\/badmintonlachine.com\/2015\/wp-json\/wp\/v2\/types\/page"}],"author":[{"embeddable":true,"href":"https:\/\/badmintonlachine.com\/2015\/wp-json\/wp\/v2\/users\/1"}],"replies":[{"embeddable":true,"href":"https:\/\/badmintonlachine.com\/2015\/wp-json\/wp\/v2\/comments?post=108"}],"version-history":[{"count":31,"href":"https:\/\/badmintonlachine.com\/2015\/wp-json\/wp\/v2\/pages\/108\/revisions"}],"predecessor-version":[{"id":14931,"href":"https:\/\/badmintonlachine.com\/2015\/wp-json\/wp\/v2\/pages\/108\/revisions\/14931"}],"wp:attachment":[{"href":"https:\/\/badmintonlachine.com\/2015\/wp-json\/wp\/v2\/media?parent=108"}],"curies":[{"name":"wp","href":"https:\/\/api.w.org\/{rel}","templated":true}]}}