{"id":11188,"date":"2020-02-23T23:25:43","date_gmt":"2020-02-24T04:25:43","guid":{"rendered":"https:\/\/badmintonlachine.com\/2015\/?page_id=11188"},"modified":"2020-03-05T10:17:30","modified_gmt":"2020-03-05T15:17:30","slug":"adulte-competitif-ligue-de-simple","status":"publish","type":"page","link":"https:\/\/badmintonlachine.com\/2015\/adulte-competitif-ligue-de-simple\/","title":{"rendered":"Adulte Comp\u00e9titif &#8211; Ligue de Simple"},"content":{"rendered":"\n<p>La ligue de SIMPLE ADULTE COMP\u00c9TITIF 2020 se d\u00e9roule selon le format suivant :<\/p>\n<ul>\n<li>2 groupes (POOL A et POOL B)<\/li>\n<li>Les rencontres se d\u00e9roulent en 1 match de 21 points, sans prolongation<\/li>\n<li>Vous avez chacun 10 matches \u00e0 jouer<\/li>\n<li>Vous pouvez d\u00e9fier n&rsquo;importe qui au sein de votre propre POOL\u00a0<\/li>\n<li>Vous pouvez jouer seulement 2 matchs contre un m\u00eame joueur de votre pool pour accumuler des points au classement<\/li>\n<li>Si un joueur d\u00e9cide d&rsquo;en jouer plus que de 2 matchs contre un m\u00eame joueur de son pool, seulement le pointage des deux premiers matchs seront comptabilis\u00e9<\/li>\n<li>Vous ne pouvez refuser plus de 2 fois un d\u00e9fi, sous peine d&rsquo;\u00eatre p\u00e9nalis\u00e9 (la m\u00e9thode de calcul est en cours de discussion)<\/li>\n<li>Vous inscrivez vos r\u00e9sultats sur les feuilles de pointage que Vick vous remettra (en cas d&rsquo;absence, envoyer les r\u00e9sultats de vos matches \u00e0 vickel@badmintonlachine.com)<\/li>\n<li>Tous les points jou\u00e9s sont comptabilis\u00e9s (pour les 2 joueurs)<\/li>\n<li><span style=\"text-align: justify;\">Le gagnant de chaque match obtient 2 points de classement alors que le perdant obtient 1\/4 de point de classement pour chaque tranche de 5 points gagn\u00e9s (pour un maximum de 1 point de classement)<\/span><\/li>\n<li><span style=\"text-align: justify;\">ex. :\u00a0 si un match se termine par le score de 21-15, le gagnant aura 2 points de classement et le perdant aura 3\/4 de point de classement.<\/span><\/li>\n<li><span style=\"text-align: justify;\">Vous avez jusqu&rsquo;au 25 mai pour compl\u00e9ter vos 10 matchs. Vous pouvez bien s\u00fbr en jouer plus mais on prendra seulement les scores des 10 premiers matchs.<\/span><\/li>\n<\/ul>\n<p>&#8211; \u00c0 la fin de la saison, il y aura des prix pour les gagnants de chaque pool mais \u00e9galement pour les deuxi\u00e8mes. Donc, c&rsquo;est tr\u00e8s important de comptabiliser tout vos points ! Bon jeu !<\/p>\n\n\n\n\n<table id=\"tablepress-LigueSimpleA\" class=\"tablepress tablepress-id-LigueSimpleA\">\n<thead>\n<tr class=\"row-1\">\n\t<th class=\"column-1\">POOL<\/th><th class=\"column-2\">Nom<\/th><th class=\"column-3\">Parties jou\u00e9es<\/th><th class=\"column-4\">Victoires<\/th><th class=\"column-5\">D\u00e9faites<\/th><th class=\"column-6\">Points Pour<\/th><th class=\"column-7\">Points Contre<\/th><th class=\"column-8\">POINTS<\/th>\n<\/tr>\n<\/thead>\n<tbody class=\"row-striping row-hover\">\n<tr class=\"row-2\">\n\t<td class=\"column-1\">A<\/td><td class=\"column-2\">Richard<\/td><td class=\"column-3\">2<\/td><td class=\"column-4\">2<\/td><td class=\"column-5\">0<\/td><td class=\"column-6\">42<\/td><td class=\"column-7\">22<\/td><td class=\"column-8\">4.00<\/td>\n<\/tr>\n<tr class=\"row-3\">\n\t<td class=\"column-1\">A<\/td><td class=\"column-2\">Kevin<\/td><td class=\"column-3\">2<\/td><td class=\"column-4\">2<\/td><td class=\"column-5\">0<\/td><td class=\"column-6\">42<\/td><td class=\"column-7\">27<\/td><td class=\"column-8\">4.00<\/td>\n<\/tr>\n<tr class=\"row-4\">\n\t<td class=\"column-1\">A<\/td><td class=\"column-2\">Fr\u00e9d\u00e9rik<\/td><td class=\"column-3\">2<\/td><td class=\"column-4\">0<\/td><td class=\"column-5\">2<\/td><td class=\"column-6\">27<\/td><td class=\"column-7\">42<\/td><td class=\"column-8\">1.25<\/td>\n<\/tr>\n<tr class=\"row-5\">\n\t<td class=\"column-1\">A<\/td><td class=\"column-2\">M\u00e9lissande<\/td><td class=\"column-3\">1<\/td><td class=\"column-4\">0<\/td><td class=\"column-5\">1<\/td><td class=\"column-6\">9<\/td><td class=\"column-7\">21<\/td><td class=\"column-8\">0.25<\/td>\n<\/tr>\n<tr class=\"row-6\">\n\t<td class=\"column-1\">A<\/td><td class=\"column-2\">Jean-Christophe<\/td><td class=\"column-3\">1<\/td><td class=\"column-4\">0<\/td><td class=\"column-5\">1<\/td><td class=\"column-6\">13<\/td><td class=\"column-7\">21<\/td><td class=\"column-8\">0.5<\/td>\n<\/tr>\n<tr class=\"row-7\">\n\t<td class=\"column-1\">A<\/td><td class=\"column-2\">Yves<\/td><td class=\"column-3\">0<\/td><td class=\"column-4\">0<\/td><td class=\"column-5\">0<\/td><td class=\"column-6\">0<\/td><td class=\"column-7\">0<\/td><td class=\"column-8\">0<\/td>\n<\/tr>\n<tr class=\"row-8\">\n\t<td class=\"column-1\">A<\/td><td class=\"column-2\">Jacky<\/td><td class=\"column-3\">0<\/td><td class=\"column-4\">0<\/td><td class=\"column-5\">0<\/td><td class=\"column-6\">0<\/td><td class=\"column-7\">0<\/td><td class=\"column-8\">0<\/td>\n<\/tr>\n<tr class=\"row-9\">\n\t<td class=\"column-1\">A<\/td><td class=\"column-2\">Louie<\/td><td class=\"column-3\">0<\/td><td class=\"column-4\">0<\/td><td class=\"column-5\">0<\/td><td class=\"column-6\">0<\/td><td class=\"column-7\">0<\/td><td class=\"column-8\">0<\/td>\n<\/tr>\n<tr class=\"row-10\">\n\t<td class=\"column-1\">A<\/td><td class=\"column-2\">Pingyang<\/td><td class=\"column-3\">0<\/td><td class=\"column-4\">0<\/td><td class=\"column-5\">0<\/td><td class=\"column-6\">0<\/td><td class=\"column-7\">0<\/td><td class=\"column-8\">0<\/td>\n<\/tr>\n<tr class=\"row-11\">\n\t<td class=\"column-1\">A<\/td><td class=\"column-2\">Leo<\/td><td class=\"column-3\">0<\/td><td class=\"column-4\">0<\/td><td class=\"column-5\">0<\/td><td class=\"column-6\">0<\/td><td class=\"column-7\">0<\/td><td class=\"column-8\">0<\/td>\n<\/tr>\n<tr class=\"row-12\">\n\t<td class=\"column-1\">A<\/td><td class=\"column-2\">Sam<\/td><td class=\"column-3\">0<\/td><td class=\"column-4\">0<\/td><td class=\"column-5\">0<\/td><td class=\"column-6\">0<\/td><td class=\"column-7\">0<\/td><td class=\"column-8\">0<\/td>\n<\/tr>\n<tr class=\"row-13\">\n\t<td class=\"column-1\">A<\/td><td class=\"column-2\">Joshua<\/td><td class=\"column-3\">0<\/td><td class=\"column-4\">0<\/td><td class=\"column-5\">0<\/td><td class=\"column-6\">0<\/td><td class=\"column-7\">0<\/td><td class=\"column-8\">0<\/td>\n<\/tr>\n<\/tbody>\n<\/table>\n<!-- #tablepress-LigueSimpleA from cache -->\n\n<table id=\"tablepress-LigueSimpleB\" class=\"tablepress tablepress-id-LigueSimpleB\">\n<thead>\n<tr class=\"row-1\">\n\t<th class=\"column-1\">POOL<\/th><th class=\"column-2\">Nom<\/th><th class=\"column-3\">Parties jou\u00e9es<\/th><th class=\"column-4\">Victoires<\/th><th class=\"column-5\">D\u00e9faites<\/th><th class=\"column-6\">Points Pour<\/th><th class=\"column-7\">Points Contre<\/th><th class=\"column-8\">POINTS<\/th>\n<\/tr>\n<\/thead>\n<tbody class=\"row-striping row-hover\">\n<tr class=\"row-2\">\n\t<td class=\"column-1\">B<\/td><td class=\"column-2\">Vickel<\/td><td class=\"column-3\">6<\/td><td class=\"column-4\">5<\/td><td class=\"column-5\">1<\/td><td class=\"column-6\">123<br \/>\n<\/td><td class=\"column-7\">58<\/td><td class=\"column-8\">10.75<br \/>\n<\/td>\n<\/tr>\n<tr class=\"row-3\">\n\t<td class=\"column-1\">B<\/td><td class=\"column-2\">C\u00e9dric<\/td><td class=\"column-3\">5<\/td><td class=\"column-4\">3<\/td><td class=\"column-5\">2<\/td><td class=\"column-6\">90<br \/>\n<\/td><td class=\"column-7\">97<\/td><td class=\"column-8\">7.25<br \/>\n<\/td>\n<\/tr>\n<tr class=\"row-4\">\n\t<td class=\"column-1\">B<\/td><td class=\"column-2\">Christophe<\/td><td class=\"column-3\">3<\/td><td class=\"column-4\">3<\/td><td class=\"column-5\">0<\/td><td class=\"column-6\">63<\/td><td class=\"column-7\">45<\/td><td class=\"column-8\">6.00<br \/>\n<\/td>\n<\/tr>\n<tr class=\"row-5\">\n\t<td class=\"column-1\">B<\/td><td class=\"column-2\">S\u00e9bastien<\/td><td class=\"column-3\">5<\/td><td class=\"column-4\">2<\/td><td class=\"column-5\">3<\/td><td class=\"column-6\">84<\/td><td class=\"column-7\">86<\/td><td class=\"column-8\">5.75<\/td>\n<\/tr>\n<tr class=\"row-6\">\n\t<td class=\"column-1\">B<\/td><td class=\"column-2\">Sylvain<\/td><td class=\"column-3\">4<\/td><td class=\"column-4\">1<\/td><td class=\"column-5\">3<\/td><td class=\"column-6\">59<\/td><td class=\"column-7\">73<\/td><td class=\"column-8\">3.75<br \/>\n<\/td>\n<\/tr>\n<tr class=\"row-7\">\n\t<td class=\"column-1\">B<\/td><td class=\"column-2\">Ky-Le<\/td><td class=\"column-3\">4<\/td><td class=\"column-4\">0<\/td><td class=\"column-5\">4<\/td><td class=\"column-6\">60<\/td><td class=\"column-7\">84<\/td><td class=\"column-8\">2.75<\/td>\n<\/tr>\n<tr class=\"row-8\">\n\t<td class=\"column-1\">B<\/td><td class=\"column-2\">Rubel<\/td><td class=\"column-3\">2<\/td><td class=\"column-4\">1<\/td><td class=\"column-5\">1<\/td><td class=\"column-6\">35<\/td><td class=\"column-7\">26<\/td><td class=\"column-8\">2.5<br \/>\n<\/td>\n<\/tr>\n<tr class=\"row-9\">\n\t<td class=\"column-1\">B<\/td><td class=\"column-2\">Ren\u00e9<\/td><td class=\"column-3\">1<\/td><td class=\"column-4\">1<\/td><td class=\"column-5\">0<\/td><td class=\"column-6\">21<\/td><td class=\"column-7\">17<\/td><td class=\"column-8\">2.00<\/td>\n<\/tr>\n<tr class=\"row-10\">\n\t<td class=\"column-1\">B<\/td><td class=\"column-2\">Nathalie<\/td><td class=\"column-3\">1<\/td><td class=\"column-4\">0<\/td><td class=\"column-5\">1<\/td><td class=\"column-6\">10<\/td><td class=\"column-7\">21<\/td><td class=\"column-8\">0.5<br \/>\n<\/td>\n<\/tr>\n<tr class=\"row-11\">\n\t<td class=\"column-1\">B<\/td><td class=\"column-2\">Mathieu<\/td><td class=\"column-3\">0<\/td><td class=\"column-4\">0<\/td><td class=\"column-5\">0<\/td><td class=\"column-6\">0<\/td><td class=\"column-7\">0<\/td><td class=\"column-8\">0<\/td>\n<\/tr>\n<tr class=\"row-12\">\n\t<td class=\"column-1\">B<\/td><td class=\"column-2\">Francis<\/td><td class=\"column-3\">0<\/td><td class=\"column-4\">0<\/td><td class=\"column-5\">0<\/td><td class=\"column-6\">0<\/td><td class=\"column-7\">0<\/td><td class=\"column-8\">0<\/td>\n<\/tr>\n<tr class=\"row-13\">\n\t<td class=\"column-1\">B<\/td><td class=\"column-2\">Vanessa<\/td><td class=\"column-3\">1<\/td><td class=\"column-4\">0<\/td><td class=\"column-5\">1<\/td><td class=\"column-6\">18<\/td><td class=\"column-7\">21<\/td><td class=\"column-8\">.75<\/td>\n<\/tr>\n<\/tbody>\n<\/table>\n<!-- #tablepress-LigueSimpleB from cache -->\n<h2 id=\"tablepress-LigueSimpleLogFile-name\" class=\"tablepress-table-name tablepress-table-name-id-LigueSimpleLogFile\">Ligue Simple LogFile<\/h2>\n\n<table id=\"tablepress-LigueSimpleLogFile\" class=\"tablepress tablepress-id-LigueSimpleLogFile\" aria-labelledby=\"tablepress-LigueSimpleLogFile-name\">\n<thead>\n<tr class=\"row-1\">\n\t<th class=\"column-1\">Date<\/th><th class=\"column-2\">Joueur A<\/th><th class=\"column-3\">Score A<\/th><th class=\"column-4\">Points A <\/th><th class=\"column-5\">Game# A (num\u00e9ro de matchs jou\u00e9s)<\/th><th class=\"column-6\">Joueur B<\/th><th class=\"column-7\">Score B<\/th><th class=\"column-8\">Points B<\/th><th class=\"column-9\">Game # B ((num\u00e9ro de matchs jou\u00e9s)<\/th>\n<\/tr>\n<\/thead>\n<tbody class=\"row-striping row-hover\">\n<tr class=\"row-2\">\n\t<td class=\"column-1\">24 f\u00e9v 2020<\/td><td class=\"column-2\">C\u00e9dric<\/td><td class=\"column-3\">21<\/td><td class=\"column-4\">2.00<\/td><td class=\"column-5\">01\/10<\/td><td class=\"column-6\">Ky-Le<\/td><td class=\"column-7\">20<\/td><td class=\"column-8\">1.00<\/td><td class=\"column-9\">01\/10<\/td>\n<\/tr>\n<tr class=\"row-3\">\n\t<td class=\"column-1\">24 f\u00e9v 2020<\/td><td class=\"column-2\">M\u00e9lissande<\/td><td class=\"column-3\">09<br \/>\n<\/td><td class=\"column-4\">0.25<\/td><td class=\"column-5\">01\/10<\/td><td class=\"column-6\">Richard<\/td><td class=\"column-7\">21<\/td><td class=\"column-8\">2.00<\/td><td class=\"column-9\">01\/10<\/td>\n<\/tr>\n<tr class=\"row-4\">\n\t<td class=\"column-1\">17 f\u00e9v 2020<\/td><td class=\"column-2\">S\u00e9bastien<\/td><td class=\"column-3\">11<\/td><td class=\"column-4\">0.5<\/td><td class=\"column-5\">02\/10<\/td><td class=\"column-6\">Vickel<\/td><td class=\"column-7\">21<\/td><td class=\"column-8\">2.00<\/td><td class=\"column-9\">01\/10<\/td>\n<\/tr>\n<tr class=\"row-5\">\n\t<td class=\"column-1\">17 f\u00e9v 2020<\/td><td class=\"column-2\">S\u00e9bastien<\/td><td class=\"column-3\">21<\/td><td class=\"column-4\">2.00<\/td><td class=\"column-5\">01\/10<\/td><td class=\"column-6\">Rubel<\/td><td class=\"column-7\">14<\/td><td class=\"column-8\">0.5<\/td><td class=\"column-9\">01\/10<\/td>\n<\/tr>\n<tr class=\"row-6\">\n\t<td class=\"column-1\">17 f\u00e9v 2020<\/td><td class=\"column-2\">Kevin<\/td><td class=\"column-3\">21<\/td><td class=\"column-4\">2.00<\/td><td class=\"column-5\">02\/10<\/td><td class=\"column-6\">Fr\u00e9d\u00e9rik<\/td><td class=\"column-7\">15<\/td><td class=\"column-8\">0.75<\/td><td class=\"column-9\">02\/10<\/td>\n<\/tr>\n<tr class=\"row-7\">\n\t<td class=\"column-1\">17 f\u00e9v 2020<\/td><td class=\"column-2\">Kevin<\/td><td class=\"column-3\">21<\/td><td class=\"column-4\">2.00<\/td><td class=\"column-5\">01\/10<\/td><td class=\"column-6\">Fr\u00e9d\u00e9rik<\/td><td class=\"column-7\">12<\/td><td class=\"column-8\">0.5<\/td><td class=\"column-9\">01\/10<\/td>\n<\/tr>\n<tr class=\"row-8\">\n\t<td class=\"column-1\">09 mars 2020<\/td><td class=\"column-2\">Ky-Le<\/td><td class=\"column-3\">17<\/td><td class=\"column-4\">.75<\/td><td class=\"column-5\">04\/10<\/td><td class=\"column-6\">Vickel<\/td><td class=\"column-7\">21<\/td><td class=\"column-8\">2.00<\/td><td class=\"column-9\">06\/10<\/td>\n<\/tr>\n<tr class=\"row-9\">\n\t<td class=\"column-1\">09 mars 2020<\/td><td class=\"column-2\">Ky-Le <\/td><td class=\"column-3\">11<\/td><td class=\"column-4\">.5<\/td><td class=\"column-5\">03\/10<\/td><td class=\"column-6\">Vickel<\/td><td class=\"column-7\">21<\/td><td class=\"column-8\">2.00<\/td><td class=\"column-9\">05\/10<\/td>\n<\/tr>\n<tr class=\"row-10\">\n\t<td class=\"column-1\">09 mars 2020<\/td><td class=\"column-2\">Ky-Le<\/td><td class=\"column-3\">12<\/td><td class=\"column-4\">.5<\/td><td class=\"column-5\">02\/10<\/td><td class=\"column-6\">Christophe<\/td><td class=\"column-7\">21<\/td><td class=\"column-8\">2.00<\/td><td class=\"column-9\">03\/10<\/td>\n<\/tr>\n<tr class=\"row-11\">\n\t<td class=\"column-1\">09 mars 2020<\/td><td class=\"column-2\">C\u00e9dric<\/td><td class=\"column-3\">15<\/td><td class=\"column-4\">.75<\/td><td class=\"column-5\">05\/10<\/td><td class=\"column-6\">Christophe<\/td><td class=\"column-7\">21<\/td><td class=\"column-8\">2.00<\/td><td class=\"column-9\">02\/10<\/td>\n<\/tr>\n<tr class=\"row-12\">\n\t<td class=\"column-1\">09 mars 2020<\/td><td class=\"column-2\">C\u00e9dric <\/td><td class=\"column-3\">21<\/td><td class=\"column-4\">2.00<\/td><td class=\"column-5\">04\/10<\/td><td class=\"column-6\">Vanessa<\/td><td class=\"column-7\">18<\/td><td class=\"column-8\">.75<\/td><td class=\"column-9\">01\/10<\/td>\n<\/tr>\n<tr class=\"row-13\">\n\t<td class=\"column-1\">09 mars 2020<\/td><td class=\"column-2\">Richard<\/td><td class=\"column-3\">21<\/td><td class=\"column-4\">2.00<\/td><td class=\"column-5\">02\/10<\/td><td class=\"column-6\">Jean-Christophe<\/td><td class=\"column-7\">13<\/td><td class=\"column-8\">.5<\/td><td class=\"column-9\">01\/10<\/td>\n<\/tr>\n<tr class=\"row-14\">\n\t<td class=\"column-1\">02 mars 2020<\/td><td class=\"column-2\">S\u00e9bastien<\/td><td class=\"column-3\">17<\/td><td class=\"column-4\">.75<\/td><td class=\"column-5\">05\/10<\/td><td class=\"column-6\">Ren\u00e9<\/td><td class=\"column-7\">21<\/td><td class=\"column-8\">2.00<\/td><td class=\"column-9\">01\/10<\/td>\n<\/tr>\n<tr class=\"row-15\">\n\t<td class=\"column-1\">02 mars 2020<\/td><td class=\"column-2\">S\u00e9bastien<\/td><td class=\"column-3\">14<\/td><td class=\"column-4\">0.5<\/td><td class=\"column-5\">04\/10<\/td><td class=\"column-6\">Vickel<\/td><td class=\"column-7\">21<\/td><td class=\"column-8\">2.00<\/td><td class=\"column-9\">04\/10<\/td>\n<\/tr>\n<tr class=\"row-16\">\n\t<td class=\"column-1\">02 mars 2020<\/td><td class=\"column-2\">C\u00e9dric<\/td><td class=\"column-3\">12<\/td><td class=\"column-4\">0.5<\/td><td class=\"column-5\">03\/10<\/td><td class=\"column-6\">Vickel<\/td><td class=\"column-7\">21<\/td><td class=\"column-8\">2.00<\/td><td class=\"column-9\">03\/10<\/td>\n<\/tr>\n<tr class=\"row-17\">\n\t<td class=\"column-1\">02 mars 2020<\/td><td class=\"column-2\">Christophe<\/td><td class=\"column-3\">21<\/td><td class=\"column-4\">2.00<\/td><td class=\"column-5\">01\/10<\/td><td class=\"column-6\">Vickel<\/td><td class=\"column-7\">18<\/td><td class=\"column-8\">0.75<\/td><td class=\"column-9\">02\/10<\/td>\n<\/tr>\n<tr class=\"row-18\">\n\t<td class=\"column-1\">02 mars 2020<\/td><td class=\"column-2\">Rubel <\/td><td class=\"column-3\">21<\/td><td class=\"column-4\">2.00<\/td><td class=\"column-5\">02\/10<\/td><td class=\"column-6\">Sylvain<\/td><td class=\"column-7\">5<\/td><td class=\"column-8\">0.25<\/td><td class=\"column-9\">04\/10<\/td>\n<\/tr>\n<tr class=\"row-19\">\n\t<td class=\"column-1\">02 mars 2020<\/td><td class=\"column-2\">Nathalie<\/td><td class=\"column-3\">10<\/td><td class=\"column-4\">0.5<\/td><td class=\"column-5\">01\/10<\/td><td class=\"column-6\">Sylvain<\/td><td class=\"column-7\">21<\/td><td class=\"column-8\">2.00<\/td><td class=\"column-9\">03\/10<\/td>\n<\/tr>\n<tr class=\"row-20\">\n\t<td class=\"column-1\">02 mars 2020<\/td><td class=\"column-2\">C\u00e9dric<\/td><td class=\"column-3\">21<\/td><td class=\"column-4\">2.00<\/td><td class=\"column-5\">02\/10<\/td><td class=\"column-6\">Sylvain<\/td><td class=\"column-7\">17<\/td><td class=\"column-8\">0.75<\/td><td class=\"column-9\">02\/10<\/td>\n<\/tr>\n<tr class=\"row-21\">\n\t<td class=\"column-1\">02 mars 2020<\/td><td class=\"column-2\">S\u00e9bastien<\/td><td class=\"column-3\">21<\/td><td class=\"column-4\">2.00<\/td><td class=\"column-5\">03\/10<\/td><td class=\"column-6\">Sylvain<\/td><td class=\"column-7\">16<\/td><td class=\"column-8\">0.75<\/td><td class=\"column-9\">01\/10<\/td>\n<\/tr>\n<tr class=\"row-22\">\n\t<td class=\"column-1\"><\/td><td class=\"column-2\"><\/td><td class=\"column-3\"><\/td><td class=\"column-4\"><\/td><td class=\"column-5\"><\/td><td class=\"column-6\"><\/td><td class=\"column-7\"><\/td><td class=\"column-8\"><\/td><td class=\"column-9\"><\/td>\n<\/tr>\n<tr class=\"row-23\">\n\t<td class=\"column-1\"><\/td><td class=\"column-2\"><\/td><td class=\"column-3\"><\/td><td class=\"column-4\"><\/td><td class=\"column-5\"><\/td><td class=\"column-6\"><\/td><td class=\"column-7\"><\/td><td class=\"column-8\"><\/td><td class=\"column-9\"><\/td>\n<\/tr>\n<tr class=\"row-24\">\n\t<td class=\"column-1\"><\/td><td class=\"column-2\"><\/td><td class=\"column-3\"><\/td><td class=\"column-4\"><\/td><td class=\"column-5\"><\/td><td class=\"column-6\"><\/td><td class=\"column-7\"><\/td><td class=\"column-8\"><\/td><td class=\"column-9\"><\/td>\n<\/tr>\n<\/tbody>\n<\/table>\n<!-- #tablepress-LigueSimpleLogFile from cache -->\n","protected":false},"excerpt":{"rendered":"<p>La ligue de SIMPLE ADULTE COMP\u00c9TITIF 2020 se d\u00e9roule selon le format suivant : 2 groupes (POOL A et POOL B) Les rencontres se d\u00e9roulent en 1 match de 21 points, sans prolongation Vous avez chacun 10 matches \u00e0 jouer Vous pouvez d\u00e9fier n&rsquo;importe qui au sein de votre propre POOL\u00a0 Vous pouvez jouer seulement<a href=\"https:\/\/badmintonlachine.com\/2015\/adulte-competitif-ligue-de-simple\/\">[&#8230;]<\/a><\/p>\n","protected":false},"author":1,"featured_media":0,"parent":0,"menu_order":0,"comment_status":"closed","ping_status":"closed","template":"template-fullwidth.php","meta":{"footnotes":""},"class_list":["post-11188","page","type-page","status-publish","hentry"],"_links":{"self":[{"href":"https:\/\/badmintonlachine.com\/2015\/wp-json\/wp\/v2\/pages\/11188","targetHints":{"allow":["GET"]}}],"collection":[{"href":"https:\/\/badmintonlachine.com\/2015\/wp-json\/wp\/v2\/pages"}],"about":[{"href":"https:\/\/badmintonlachine.com\/2015\/wp-json\/wp\/v2\/types\/page"}],"author":[{"embeddable":true,"href":"https:\/\/badmintonlachine.com\/2015\/wp-json\/wp\/v2\/users\/1"}],"replies":[{"embeddable":true,"href":"https:\/\/badmintonlachine.com\/2015\/wp-json\/wp\/v2\/comments?post=11188"}],"version-history":[{"count":17,"href":"https:\/\/badmintonlachine.com\/2015\/wp-json\/wp\/v2\/pages\/11188\/revisions"}],"predecessor-version":[{"id":12866,"href":"https:\/\/badmintonlachine.com\/2015\/wp-json\/wp\/v2\/pages\/11188\/revisions\/12866"}],"wp:attachment":[{"href":"https:\/\/badmintonlachine.com\/2015\/wp-json\/wp\/v2\/media?parent=11188"}],"curies":[{"name":"wp","href":"https:\/\/api.w.org\/{rel}","templated":true}]}}