{"id":12816,"date":"2021-08-10T00:27:45","date_gmt":"2021-08-10T04:27:45","guid":{"rendered":"https:\/\/badmintonlachine.com\/2015\/?page_id=12816"},"modified":"2024-07-16T18:56:19","modified_gmt":"2024-07-16T22:56:19","slug":"entraineurs","status":"publish","type":"page","link":"https:\/\/badmintonlachine.com\/2015\/entraineurs\/","title":{"rendered":"Offre d\u2019emploi Entraineurs"},"content":{"rendered":"<p>Offre d\u2019emploi :<br \/>\n                    &nbsp;<br \/>\n                     POSTES D\u2019<br \/>\n                      ENTRA\u00ceNEUR.E.S<\/p>\n<p>                   Le Club Badminton Lachine est \u00e0 la recherche de candidat.e.s pour compl\u00e9ter son \u00e9quipe d\u2019entraineur.e.s pour l\u2019ann\u00e9e 2024-2025 (adulte, jeunesse et \u00e9lite). Le Club regroupe des joueurs adultes et jeunes de 6 \u00e0 17 ans divis\u00e9s en diff\u00e9rents niveaux (d\u00e9butant, interm\u00e9diaire, comp\u00e9titif et \u00e9lite). Les athl\u00e8tes participent \u00e0 plusieurs tournois des r\u00e9seaux r\u00e9gional, scolaire, provincial et national. L\u2019outil p\u00e9dagogique fran\u00e7ais, Plume, est utilis\u00e9 par les entraineur.e.s pour assurer la progression des athl\u00e8tes. De l\u2019encadrement pour les nouvelles personnes employ\u00e9es ainsi que du budget de formation est disponible selon l\u2019int\u00e9r\u00eat des personnes.<\/p>\n<p>                    SALAIRE: Tr\u00e8s concurrentiel, d\u00e9fini selon<br \/>\nl\u2019\u00e9chelle salariale de Badminton Lachine.<\/p>\n<p>                       Les candidat.e.s<br \/>\nrecherch\u00e9.e.s devront&nbsp;rencontrer les<br \/>\nexigenc\u200bes suivantes :<\/p>\n<p>                        Capacit\u00e9 de cr\u00e9er une planification annuelle int\u00e9grant les parties techniques, physiques et mentales (sp\u00e9cifique au groupe \u00e9lite)<br \/>\n                        Connaissances technique et strat\u00e9gique de badminton (niveau provincial pour l\u2019\u00e9lite);<br \/>\n                        Bonne connaissance de la r\u00e9glementation des tournois;<br \/>\n                        Fortes comp\u00e9tences relationnelles (joueurs, parents, b\u00e9n\u00e9voles et employ\u00e9s);<br \/>\n                        Capacit\u00e9 de travailler en \u00e9quipe (collaboration \u00e9troite entre l\u2019entraineur.e et le(s) assistant-entraineur(s) du groupe);<br \/>\n                        Disponibilit\u00e9s les samedis et dimanches lors de certains tournois (environ 5 par ann\u00e9e pour le groupe \u00e9lite);<br \/>\n                        Disponibilit\u00e9s 1 soir par semaine pour les groupes adultes et jeunesses; 2 ou 3 soirs par semaine pour le groupe \u00e9lite, de septembre \u00e0 juin;<br \/>\n                        Participation active \u00e0 l\u2019organisation de 2 tournois durant la saison dont une rencontre du circuit provincial de Badminton Qu\u00e9bec;<br \/>\n                        Sera consid\u00e9r\u00e9 : D\u00e9tenir une certification en enseignement, animation ou coaching (sp\u00e9cifique ou non au badminton).<\/p>\n<p>                        Exigences<\/p>\n<p>             Les candidat.e.s int\u00e9ress\u00e9.e.s doivent soumettre leur candidature au plus tard le<br \/>\n                9 ao\u00fbt 2024<br \/>\n               .&nbsp;Veuillez indiquer ce qui vous motive et faites parvenir votre candidature \u00e0 Christophe Boulanger, directeur technique par courriel \u00e0 christophe@badmintonlachine.com&nbsp; .&nbsp;Les candidat.e.s seront invit\u00e9.e.s \u00e0 participer \u00e0 une entrevue \u00e0 distance.<\/p>\n","protected":false},"excerpt":{"rendered":"<p>Offre d\u2019emploi : &nbsp; POSTES D\u2019 ENTRA\u00ceNEUR.E.S Le Club Badminton Lachine est \u00e0 la recherche de candidat.e.s pour compl\u00e9ter son \u00e9quipe d\u2019entraineur.e.s pour l\u2019ann\u00e9e 2024-2025 (adulte, jeunesse et \u00e9lite). Le Club regroupe des joueurs adultes et jeunes de 6 \u00e0 17 ans divis\u00e9s en diff\u00e9rents niveaux (d\u00e9butant, interm\u00e9diaire, comp\u00e9titif et \u00e9lite). Les athl\u00e8tes participent \u00e0<a href=\"https:\/\/badmintonlachine.com\/2015\/entraineurs\/\">[&#8230;]<\/a><\/p>\n","protected":false},"author":1,"featured_media":0,"parent":0,"menu_order":0,"comment_status":"closed","ping_status":"closed","template":"","meta":{"footnotes":""},"class_list":["post-12816","page","type-page","status-publish","hentry"],"_links":{"self":[{"href":"https:\/\/badmintonlachine.com\/2015\/wp-json\/wp\/v2\/pages\/12816","targetHints":{"allow":["GET"]}}],"collection":[{"href":"https:\/\/badmintonlachine.com\/2015\/wp-json\/wp\/v2\/pages"}],"about":[{"href":"https:\/\/badmintonlachine.com\/2015\/wp-json\/wp\/v2\/types\/page"}],"author":[{"embeddable":true,"href":"https:\/\/badmintonlachine.com\/2015\/wp-json\/wp\/v2\/users\/1"}],"replies":[{"embeddable":true,"href":"https:\/\/badmintonlachine.com\/2015\/wp-json\/wp\/v2\/comments?post=12816"}],"version-history":[{"count":18,"href":"https:\/\/badmintonlachine.com\/2015\/wp-json\/wp\/v2\/pages\/12816\/revisions"}],"predecessor-version":[{"id":13986,"href":"https:\/\/badmintonlachine.com\/2015\/wp-json\/wp\/v2\/pages\/12816\/revisions\/13986"}],"wp:attachment":[{"href":"https:\/\/badmintonlachine.com\/2015\/wp-json\/wp\/v2\/media?parent=12816"}],"curies":[{"name":"wp","href":"https:\/\/api.w.org\/{rel}","templated":true}]}}