{"id":14986,"date":"2026-03-23T21:00:59","date_gmt":"2026-03-24T01:00:59","guid":{"rendered":"https:\/\/badmintonlachine.com\/2015\/?page_id=14986"},"modified":"2026-03-23T21:02:07","modified_gmt":"2026-03-24T01:02:07","slug":"classique-jeunesse-victor-2026","status":"publish","type":"page","link":"https:\/\/badmintonlachine.com\/2015\/classique-jeunesse-victor-2026\/","title":{"rendered":"Classique Jeunesse Victor &#8211; 2026"},"content":{"rendered":"\n<p>La Classique Jeuness Victor de Lachine se tiendra le Dimanche 19 avril au Complexe sportif du Coll\u00e8ge Sainte-Anne &#8211; 50, 12e avenue \u00e0 Lachine.<\/p>\n\n\n\n<p class=\"has-text-align-center\"><strong><span style=\"color: #ff0000;\">DATE LIMITE POUR LES INSCRIPTIONS : le 8 avril 2026 \u00e0 23:59<\/span><\/strong><\/p>\n\n\n\n<p>Vous pourrez vous inscrire sur le site de Badminton Canada (cliquez sur le logo ci dessous) :<\/p>\n\n\n<div class=\"wp-block-image\">\n<figure class=\"aligncenter is-resized\"><a href=\"https:\/\/badmintoncanada.tournamentsoftware.com\/tournament\/381BF2DF-3513-45FF-A470-1F26EB0EEB5E\" target=\"_blank\" rel=\"noopener noreferrer\"><img loading=\"lazy\" decoding=\"async\" width=\"1024\" height=\"154\" src=\"https:\/\/badmintonlachine.com\/2015\/wp-content\/uploads\/2018\/03\/BadCanada-1024x154.gif\" alt=\"\" class=\"wp-image-3184\" style=\"aspect-ratio:6.650173181593271;width:324px;height:auto\" srcset=\"https:\/\/badmintonlachine.com\/2015\/wp-content\/uploads\/2018\/03\/BadCanada-1024x154.gif 1024w, https:\/\/badmintonlachine.com\/2015\/wp-content\/uploads\/2018\/03\/BadCanada-300x45.gif 300w, https:\/\/badmintonlachine.com\/2015\/wp-content\/uploads\/2018\/03\/BadCanada-768x116.gif 768w, https:\/\/badmintonlachine.com\/2015\/wp-content\/uploads\/2018\/03\/BadCanada-200x30.gif 200w\" sizes=\"auto, (max-width: 1024px) 100vw, 1024px\" \/><\/a><\/figure>\n<\/div>\n\n\n<p><\/p>\n\n\n\n<figure class=\"wp-block-image size-large\"><a href=\"https:\/\/badmintoncanada.tournamentsoftware.com\/tournament\/381BF2DF-3513-45FF-A470-1F26EB0EEB5E\" target=\"_blank\" rel=\" noreferrer noopener\"><img loading=\"lazy\" decoding=\"async\" width=\"1024\" height=\"576\" src=\"https:\/\/badmintonlachine.com\/2015\/wp-content\/uploads\/2026\/03\/image-1-1024x576.png\" alt=\"\" class=\"wp-image-14993\" srcset=\"https:\/\/badmintonlachine.com\/2015\/wp-content\/uploads\/2026\/03\/image-1-1024x576.png 1024w, https:\/\/badmintonlachine.com\/2015\/wp-content\/uploads\/2026\/03\/image-1-300x169.png 300w, https:\/\/badmintonlachine.com\/2015\/wp-content\/uploads\/2026\/03\/image-1-768x432.png 768w, https:\/\/badmintonlachine.com\/2015\/wp-content\/uploads\/2026\/03\/image-1-1536x864.png 1536w, https:\/\/badmintonlachine.com\/2015\/wp-content\/uploads\/2026\/03\/image-1-1600x900.png 1600w, https:\/\/badmintonlachine.com\/2015\/wp-content\/uploads\/2026\/03\/image-1.png 1858w\" sizes=\"auto, (max-width: 1024px) 100vw, 1024px\" \/><\/a><\/figure>\n\n\n\n<hr class=\"wp-block-separator has-alpha-channel-opacity\"\/>\n\n\n\n<p class=\"has-text-align-center\">&nbsp;<\/p>\n\n\n\n<hr class=\"wp-block-separator has-alpha-channel-opacity\"\/>\n","protected":false},"excerpt":{"rendered":"<p>La Classique Jeuness Victor de Lachine se tiendra le Dimanche 19 avril au Complexe sportif du Coll\u00e8ge Sainte-Anne &#8211; 50, 12e avenue \u00e0 Lachine. DATE LIMITE POUR LES INSCRIPTIONS : le 8 avril 2026 \u00e0 23:59 Vous pourrez vous inscrire sur le site de Badminton Canada (cliquez sur le logo ci dessous) : &nbsp;<\/p>\n","protected":false},"author":1,"featured_media":0,"parent":0,"menu_order":0,"comment_status":"closed","ping_status":"closed","template":"template-fullwidth.php","meta":{"footnotes":""},"class_list":["post-14986","page","type-page","status-publish","hentry"],"_links":{"self":[{"href":"https:\/\/badmintonlachine.com\/2015\/wp-json\/wp\/v2\/pages\/14986","targetHints":{"allow":["GET"]}}],"collection":[{"href":"https:\/\/badmintonlachine.com\/2015\/wp-json\/wp\/v2\/pages"}],"about":[{"href":"https:\/\/badmintonlachine.com\/2015\/wp-json\/wp\/v2\/types\/page"}],"author":[{"embeddable":true,"href":"https:\/\/badmintonlachine.com\/2015\/wp-json\/wp\/v2\/users\/1"}],"replies":[{"embeddable":true,"href":"https:\/\/badmintonlachine.com\/2015\/wp-json\/wp\/v2\/comments?post=14986"}],"version-history":[{"count":4,"href":"https:\/\/badmintonlachine.com\/2015\/wp-json\/wp\/v2\/pages\/14986\/revisions"}],"predecessor-version":[{"id":14995,"href":"https:\/\/badmintonlachine.com\/2015\/wp-json\/wp\/v2\/pages\/14986\/revisions\/14995"}],"wp:attachment":[{"href":"https:\/\/badmintonlachine.com\/2015\/wp-json\/wp\/v2\/media?parent=14986"}],"curies":[{"name":"wp","href":"https:\/\/api.w.org\/{rel}","templated":true}]}}