{"id":153,"date":"2015-08-09T17:46:06","date_gmt":"2015-08-09T21:46:06","guid":{"rendered":"http:\/\/badmintonlachine.com\/2015\/?page_id=153"},"modified":"2024-05-29T09:40:26","modified_gmt":"2024-05-29T13:40:26","slug":"lequipe","status":"publish","type":"page","link":"https:\/\/badmintonlachine.com\/2015\/lequipe\/","title":{"rendered":"Le personnel de Badminton Lachine"},"content":{"rendered":"<p>Le personnel de Badminton Lachine se compose :<\/p>\n<ul>\n<li>des membres du Conseil d&rsquo;Administration (b\u00e9n\u00e9voles qui g\u00e8rent le fonctionnement du club)<\/li>\n<li>des Entra\u00eeneurs (qui assurent l&rsquo;animation de tous les cours des jeunes &#8211; voir la section NOS PROS sur la page d\u2019accueil)<\/li>\n<li>des Animateurs de gymnase (qui assurent le bon d\u00e9roulement des soir\u00e9es de badminton libre pour adultes)<\/li>\n<li>des B\u00e9n\u00e9voles (qui offrent gracieusement leur soutien aux entra\u00eeneurs lors des cours, qui aident lors des tournois, qui apportent une aide lors de certaines soir\u00e9es, etc.<\/li>\n<\/ul>\n<p>Il nous fait plaisir de vous les pr\u00e9senter ci dessous :<\/p>\n<hr \/>\n<p><span style=\"text-decoration: underline; color: #ff0000;\"><strong>LE C.A.<\/strong><\/span><br \/>\nLes membres du Conseil d&rsquo;Administration (C.A.) de Badminton Lachine font tout leur possible pour rendre votre exp\u00e9rience inoubliable.<br \/>\nN&rsquo;h\u00e9sitez pas \u00e0 venir discuter avec eux, \u00e0 leur poser des questions ou \u00e0 leur faire part de vos id\u00e9es pour am\u00e9liorer l&rsquo;organisation du club !<\/p>\n<hr \/>\n<p><span style=\"text-decoration: underline; color: #ff0000;\"><strong>LES ENTRAINEURS<\/strong><\/span><br \/>\nD\u00e9vou\u00e9s \u00e0 l&rsquo;entra\u00eenement des jeunes, l&rsquo;\u00e9quipe se compose de professionnels du badminton qui combinent leurs efforts pour offrir des cours r\u00e9partis sur 4 niveaux diff\u00e9rents pendant plus de 12 heures chaque semaine. Ils viennent supporter les jeunes lors de diff\u00e9rents tournois et sont \u00e9galement disponibles pour des cours individuels ou semi-priv\u00e9s.<\/p>\n<p>N&rsquo;h\u00e9sitez pas \u00e0 aller les rencontrer, leur poser des questions et discuter avec eux. Le profil de chaque entra\u00eeneur est accessible depuis la page d\u2019accueil, \u00e0 la section <strong><a href=\"http:\/\/www.badmintonlachine.com\/2015\/#team\">NOS PROS<\/a><\/strong>.<\/p>\n<hr \/>\n<p><span style=\"text-decoration: underline; color: #ff0000;\"><strong>LES ANIMATEURS<\/strong><\/span><br \/>\nLes animateurs de vos soir\u00e9es sont l\u00e0 pour vous aider, vous conseiller&#8230; et s&rsquo;assurer que tous les membres profitent pleinement de chaque p\u00e9riode de jeu. Ils s&rsquo;occupent du tableau de rotation des joueurs sur les terrains, g\u00e8rent la distribution des volants, accueillent tous les invit\u00e9s et collectent les raquettes \u00e0 faire corder. Aidez les \u00e0 d\u00e9monter les terrains en fin de soir\u00e9e,.. ils vous en seront tr\u00e8s reconnaissants !<\/p>\n<hr \/>\n","protected":false},"excerpt":{"rendered":"<p>Le personnel de Badminton Lachine se compose : des membres du Conseil d&rsquo;Administration (b\u00e9n\u00e9voles qui g\u00e8rent le fonctionnement du club) des Entra\u00eeneurs (qui assurent l&rsquo;animation de tous les cours des jeunes &#8211; voir la section NOS PROS sur la page d\u2019accueil) des Animateurs de gymnase (qui assurent le bon d\u00e9roulement des soir\u00e9es de badminton libre<a href=\"https:\/\/badmintonlachine.com\/2015\/lequipe\/\">[&#8230;]<\/a><\/p>\n","protected":false},"author":1,"featured_media":0,"parent":0,"menu_order":0,"comment_status":"closed","ping_status":"open","template":"template-fullwidth.php","meta":{"footnotes":""},"class_list":["post-153","page","type-page","status-publish","hentry"],"_links":{"self":[{"href":"https:\/\/badmintonlachine.com\/2015\/wp-json\/wp\/v2\/pages\/153","targetHints":{"allow":["GET"]}}],"collection":[{"href":"https:\/\/badmintonlachine.com\/2015\/wp-json\/wp\/v2\/pages"}],"about":[{"href":"https:\/\/badmintonlachine.com\/2015\/wp-json\/wp\/v2\/types\/page"}],"author":[{"embeddable":true,"href":"https:\/\/badmintonlachine.com\/2015\/wp-json\/wp\/v2\/users\/1"}],"replies":[{"embeddable":true,"href":"https:\/\/badmintonlachine.com\/2015\/wp-json\/wp\/v2\/comments?post=153"}],"version-history":[{"count":36,"href":"https:\/\/badmintonlachine.com\/2015\/wp-json\/wp\/v2\/pages\/153\/revisions"}],"predecessor-version":[{"id":13976,"href":"https:\/\/badmintonlachine.com\/2015\/wp-json\/wp\/v2\/pages\/153\/revisions\/13976"}],"wp:attachment":[{"href":"https:\/\/badmintonlachine.com\/2015\/wp-json\/wp\/v2\/media?parent=153"}],"curies":[{"name":"wp","href":"https:\/\/api.w.org\/{rel}","templated":true}]}}