{"id":190,"date":"2015-08-17T17:26:46","date_gmt":"2015-08-17T21:26:46","guid":{"rendered":"http:\/\/badmintonlachine.com\/2015\/?page_id=190"},"modified":"2020-09-03T12:06:51","modified_gmt":"2020-09-03T16:06:51","slug":"services","status":"publish","type":"page","link":"https:\/\/badmintonlachine.com\/2015\/services\/","title":{"rendered":"Services"},"content":{"rendered":"<hr \/>\n<h2><img loading=\"lazy\" decoding=\"async\" class=\"alignleft wp-image-684\" src=\"http:\/\/badmintonlachine.com\/2015\/wp-content\/uploads\/2015\/08\/volants.jpg\" alt=\"\" width=\"260\" height=\"173\" srcset=\"https:\/\/badmintonlachine.com\/2015\/wp-content\/uploads\/2015\/08\/volants.jpg 275w, https:\/\/badmintonlachine.com\/2015\/wp-content\/uploads\/2015\/08\/volants-200x133.jpg 200w\" sizes=\"auto, (max-width: 260px) 100vw, 260px\" \/><strong>Les volants sont fournis pour toutes les p\u00e9riodes de jeu<\/strong><\/h2>\n<p>L&rsquo;animateur est en charge de distribuer un volant par terrain en d\u00e9but de soir\u00e9e, de changer les volants ab\u00eem\u00e9s et de r\u00e9cup\u00e9rer tous les volants en fin de soir\u00e9e. Par d\u00e9faut, le volant de plastique est utilis\u00e9.<br \/>\nCe service est inclus dans le prix de votre abonnement.<br \/>\nLe club offre \u00e9galement la possibilit\u00e9 d&rsquo;acheter des volants \u00e0 un prix tr\u00e8s comp\u00e9titif si vous souhaitez vous en procurer \u00e0 titre personnel.<\/p>\n<hr \/>\n<h2><strong><img loading=\"lazy\" decoding=\"async\" class=\"alignleft wp-image-670\" src=\"http:\/\/badmintonlachine.com\/2015\/wp-content\/uploads\/2015\/08\/cordage.jpg\" alt=\"cordage\" width=\"260\" height=\"149\" srcset=\"https:\/\/badmintonlachine.com\/2015\/wp-content\/uploads\/2015\/08\/cordage.jpg 296w, https:\/\/badmintonlachine.com\/2015\/wp-content\/uploads\/2015\/08\/cordage-200x115.jpg 200w\" sizes=\"auto, (max-width: 260px) 100vw, 260px\" \/>Badminton Lachine offre le service de cordage de raquettes<\/strong><\/h2>\n<p>Adressez vous \u00e0 l&rsquo;animateur pour d\u00e9poser et r\u00e9cup\u00e9rer votre raquette si vous avez bris\u00e9 votre cordage ou si vous souhaitez en changer.<br \/>\nSi vous avez besoin de conseils au sujet des cordages, il nous fera plaisir de vous fournir toutes les informations n\u00e9cessaires \u00e0 ce sujet.<br \/>\nLe co\u00fbt du service est fonction du type de cordage choisi et varie entre 23 $ et 30 $ par raquette, tout compris (18 $ si vous fournissez votre propre cordage).<\/p>\n<hr \/>\n<h2><strong><img loading=\"lazy\" decoding=\"async\" class=\"alignleft wp-image-1650\" src=\"http:\/\/badmintonlachine.com\/2015\/wp-content\/uploads\/2016\/01\/clinique_1-e1453521050106.jpg\" alt=\"clinique_1\" width=\"260\" height=\"146\" srcset=\"https:\/\/badmintonlachine.com\/2015\/wp-content\/uploads\/2016\/01\/clinique_1-e1453521050106.jpg 240w, https:\/\/badmintonlachine.com\/2015\/wp-content\/uploads\/2016\/01\/clinique_1-e1453521050106-200x113.jpg 200w\" sizes=\"auto, (max-width: 260px) 100vw, 260px\" \/>Cliniques et cours priv\u00e9s<\/strong><\/h2>\n<p>Badminton Lachine offre d\u00e9sormais un programme vari\u00e9 de Cliniques de perfectionnement pour adultes ainsi que des cours priv\u00e9s ou semi-priv\u00e9s.<br \/>\nLa programmation et les tarifs de ces cours seront bient\u00f4t annonc\u00e9s.<\/p>\n<hr \/>\n<h2><img loading=\"lazy\" decoding=\"async\" class=\"alignleft wp-image-687\" src=\"http:\/\/badmintonlachine.com\/2015\/wp-content\/uploads\/2015\/08\/raquettes.gif\" alt=\"raquettes\" width=\"260\" height=\"171\" \/><strong>Soir\u00e9es d&rsquo;\u00e9valuation d&rsquo;\u00e9quipement<\/strong><\/h2>\n<p>Avec le concours de ses partenaires, Badminton Lachine organise \u00e0 plusieurs reprises durant la saison des soir\u00e9es d&rsquo;\u00e9valuation de raquettes qui permettent d&rsquo;essayer diff\u00e9rents types de raquettes ou de cordages.<\/p>\n<p>Les membres seront inform\u00e9s par courriel des prochaines dates \u00e0 venir.<\/p>\n<hr \/>\n<h2><img loading=\"lazy\" decoding=\"async\" class=\"alignleft wp-image-694\" src=\"http:\/\/badmintonlachine.com\/2015\/wp-content\/uploads\/2015\/08\/speedminton1.gif\" alt=\"\" width=\"260\" height=\"147\" \/><strong>D\u00e9couverte du Speedminton<\/strong><\/h2>\n<p>Pour compl\u00e9ter la saison morte et vous amuser dans les parcs ou sur la plage, quoi de mieux que de venir d\u00e9couvrir un sport en pleine expension, .. le speedminton.<br \/>\nBadminton Lachine organise r\u00e9guli\u00e8rement durant l&rsquo;\u00e9t\u00e9 des soir\u00e9es de d\u00e9monstration et d&rsquo;essai gratuit de ce nouveau sport.<\/p>\n<hr \/>\n","protected":false},"excerpt":{"rendered":"<p>Les volants sont fournis pour toutes les p\u00e9riodes de jeu L&rsquo;animateur est en charge de distribuer un volant par terrain en d\u00e9but de soir\u00e9e, de changer les volants ab\u00eem\u00e9s et de r\u00e9cup\u00e9rer tous les volants en fin de soir\u00e9e. Par d\u00e9faut, le volant de plastique est utilis\u00e9. Ce service est inclus dans le prix de<a href=\"https:\/\/badmintonlachine.com\/2015\/services\/\">[&#8230;]<\/a><\/p>\n","protected":false},"author":1,"featured_media":0,"parent":0,"menu_order":0,"comment_status":"closed","ping_status":"open","template":"template-fullwidth.php","meta":{"footnotes":""},"class_list":["post-190","page","type-page","status-publish","hentry"],"_links":{"self":[{"href":"https:\/\/badmintonlachine.com\/2015\/wp-json\/wp\/v2\/pages\/190","targetHints":{"allow":["GET"]}}],"collection":[{"href":"https:\/\/badmintonlachine.com\/2015\/wp-json\/wp\/v2\/pages"}],"about":[{"href":"https:\/\/badmintonlachine.com\/2015\/wp-json\/wp\/v2\/types\/page"}],"author":[{"embeddable":true,"href":"https:\/\/badmintonlachine.com\/2015\/wp-json\/wp\/v2\/users\/1"}],"replies":[{"embeddable":true,"href":"https:\/\/badmintonlachine.com\/2015\/wp-json\/wp\/v2\/comments?post=190"}],"version-history":[{"count":51,"href":"https:\/\/badmintonlachine.com\/2015\/wp-json\/wp\/v2\/pages\/190\/revisions"}],"predecessor-version":[{"id":12488,"href":"https:\/\/badmintonlachine.com\/2015\/wp-json\/wp\/v2\/pages\/190\/revisions\/12488"}],"wp:attachment":[{"href":"https:\/\/badmintonlachine.com\/2015\/wp-json\/wp\/v2\/media?parent=190"}],"curies":[{"name":"wp","href":"https:\/\/api.w.org\/{rel}","templated":true}]}}