{"id":3868,"date":"2019-03-16T21:26:45","date_gmt":"2019-03-17T01:26:45","guid":{"rendered":"https:\/\/badmintonlachine.com\/2015\/?page_id=3868"},"modified":"2026-03-23T21:13:26","modified_gmt":"2026-03-24T01:13:26","slug":"classique_adultes_victor_2026","status":"publish","type":"page","link":"https:\/\/badmintonlachine.com\/2015\/classique_adultes_victor_2026\/","title":{"rendered":"Classique Adultes Victor &#8211; 2026"},"content":{"rendered":"\n<p>La Classique Adultes Victor de Lachine se tiendra le Samedi 23 mai et le dimanche 24 mai au Complexe sportif du Coll\u00e8ge Sainte-Anne &#8211; 50, 12e avenue \u00e0 Lachine.<\/p>\n\n\n\n<p class=\"has-text-align-center\"><strong><span style=\"color: #ff0000;\">LES INSCRIPTIONS SERONT OUVERTES D\u00c8S LE 14 AVRIL 2026 \u00e0 9:00 AM<\/span><\/strong><\/p>\n\n\n\n<p>Vous pourrez vous inscrire sur le site de Badminton Canada (cliquez sur le logo ci dessous) :<\/p>\n\n\n<div class=\"wp-block-image\">\n<figure class=\"aligncenter is-resized\"><a href=\"https:\/\/badmintoncanada.tournamentsoftware.com\/tournament\/3FD9A48F-02B2-42FB-8EF1-4680CBF75134\" target=\"_blank\" rel=\"noopener noreferrer\"><img loading=\"lazy\" decoding=\"async\" width=\"1024\" height=\"154\" src=\"https:\/\/badmintonlachine.com\/2015\/wp-content\/uploads\/2018\/03\/BadCanada-1024x154.gif\" alt=\"\" class=\"wp-image-3184\" style=\"aspect-ratio:6.650173181593271;width:324px;height:auto\" srcset=\"https:\/\/badmintonlachine.com\/2015\/wp-content\/uploads\/2018\/03\/BadCanada-1024x154.gif 1024w, https:\/\/badmintonlachine.com\/2015\/wp-content\/uploads\/2018\/03\/BadCanada-300x45.gif 300w, https:\/\/badmintonlachine.com\/2015\/wp-content\/uploads\/2018\/03\/BadCanada-768x116.gif 768w, https:\/\/badmintonlachine.com\/2015\/wp-content\/uploads\/2018\/03\/BadCanada-200x30.gif 200w\" sizes=\"auto, (max-width: 1024px) 100vw, 1024px\" \/><\/a><\/figure>\n<\/div>\n\n\n<figure class=\"wp-block-image size-large\"><a href=\"https:\/\/badmintoncanada.tournamentsoftware.com\/tournament\/3FD9A48F-02B2-42FB-8EF1-4680CBF75134\" target=\"_blank\" rel=\" noreferrer noopener\"><img loading=\"lazy\" decoding=\"async\" width=\"1024\" height=\"573\" src=\"https:\/\/badmintonlachine.com\/2015\/wp-content\/uploads\/2026\/03\/image-1024x573.png\" alt=\"\" class=\"wp-image-14983\" srcset=\"https:\/\/badmintonlachine.com\/2015\/wp-content\/uploads\/2026\/03\/image-1024x573.png 1024w, https:\/\/badmintonlachine.com\/2015\/wp-content\/uploads\/2026\/03\/image-300x168.png 300w, https:\/\/badmintonlachine.com\/2015\/wp-content\/uploads\/2026\/03\/image-768x430.png 768w, https:\/\/badmintonlachine.com\/2015\/wp-content\/uploads\/2026\/03\/image-1536x860.png 1536w, https:\/\/badmintonlachine.com\/2015\/wp-content\/uploads\/2026\/03\/image-2048x1147.png 2048w, https:\/\/badmintonlachine.com\/2015\/wp-content\/uploads\/2026\/03\/image-1600x896.png 1600w\" sizes=\"auto, (max-width: 1024px) 100vw, 1024px\" \/><\/a><\/figure>\n\n\n\n<p><\/p>\n\n\n\n<hr class=\"wp-block-separator has-alpha-channel-opacity\"\/>\n\n\n\n<p class=\"has-text-align-center\">&nbsp;<\/p>\n\n\n\n<hr class=\"wp-block-separator has-alpha-channel-opacity\"\/>\n","protected":false},"excerpt":{"rendered":"<p>La Classique Adultes Victor de Lachine se tiendra le Samedi 23 mai et le dimanche 24 mai au Complexe sportif du Coll\u00e8ge Sainte-Anne &#8211; 50, 12e avenue \u00e0 Lachine. LES INSCRIPTIONS SERONT OUVERTES D\u00c8S LE 14 AVRIL 2026 \u00e0 9:00 AM Vous pourrez vous inscrire sur le site de Badminton Canada (cliquez sur le logo<a href=\"https:\/\/badmintonlachine.com\/2015\/classique_adultes_victor_2026\/\">[&#8230;]<\/a><\/p>\n","protected":false},"author":1,"featured_media":0,"parent":0,"menu_order":0,"comment_status":"closed","ping_status":"closed","template":"template-fullwidth.php","meta":{"footnotes":""},"class_list":["post-3868","page","type-page","status-publish","hentry"],"_links":{"self":[{"href":"https:\/\/badmintonlachine.com\/2015\/wp-json\/wp\/v2\/pages\/3868","targetHints":{"allow":["GET"]}}],"collection":[{"href":"https:\/\/badmintonlachine.com\/2015\/wp-json\/wp\/v2\/pages"}],"about":[{"href":"https:\/\/badmintonlachine.com\/2015\/wp-json\/wp\/v2\/types\/page"}],"author":[{"embeddable":true,"href":"https:\/\/badmintonlachine.com\/2015\/wp-json\/wp\/v2\/users\/1"}],"replies":[{"embeddable":true,"href":"https:\/\/badmintonlachine.com\/2015\/wp-json\/wp\/v2\/comments?post=3868"}],"version-history":[{"count":11,"href":"https:\/\/badmintonlachine.com\/2015\/wp-json\/wp\/v2\/pages\/3868\/revisions"}],"predecessor-version":[{"id":15003,"href":"https:\/\/badmintonlachine.com\/2015\/wp-json\/wp\/v2\/pages\/3868\/revisions\/15003"}],"wp:attachment":[{"href":"https:\/\/badmintonlachine.com\/2015\/wp-json\/wp\/v2\/media?parent=3868"}],"curies":[{"name":"wp","href":"https:\/\/api.w.org\/{rel}","templated":true}]}}