{"id":572,"date":"2015-08-22T11:35:30","date_gmt":"2015-08-22T15:35:30","guid":{"rendered":"http:\/\/badmintonlachine.com\/2015\/?page_id=572"},"modified":"2021-07-09T07:55:00","modified_gmt":"2021-07-09T11:55:00","slug":"adultes-competitif","status":"publish","type":"page","link":"https:\/\/badmintonlachine.com\/2015\/adultes-competitif\/","title":{"rendered":"ADULTES : COMP\u00c9TITIF"},"content":{"rendered":"<hr \/>\n<p>Pour toutes questions concernant les inscriptions, veuillez contacter le registraire du club : <a href=\"mailto:vickel@badmintonlachine.com\">vickel@badmintonlachine.com<\/a><\/p>\n<hr \/>\n<p><span style=\"color: #ff0000;\"><strong><span id=\"navMembershipName\">Lundi\/vendredi Adulte comp\u00e9titif\u00a0<\/span><\/strong><\/span><br \/>\n<span style=\"color: #000000;\"><strong>Les lundis de 20:00 \u00e0 22:15, du 13 septembre 2021 jusqu&rsquo;au 30 mai 2022 et les vendredis de 20:30 \u00e0 22:30, du 17 septembre 2021 au 3 juin 2022<\/strong><\/span><\/p>\n<p><strong>Date de\u00a0 d\u00e9but :<\/strong> lundi, 13 septembre 2021<br \/>\n<strong>Horaire\u00a0:<\/strong> Les lundis de 20:00 \u00e0 22:15 du 13 septembre 2021 jusqu&rsquo;au 30 mai 2022 et les vendredis de 20:30 \u00e0 22:30, du 17 septembre 2021 au 3 juin 2022<br \/>\n<strong>Responsable\u00a0:<\/strong>\u00a0Vickel Coossa<br \/>\n<strong>Lieu\u00a0:<\/strong> Coll\u00e8ge Sainte-Anne &#8211; Gymnase 2 (4 terrains seulement)<br \/>\n<strong>Description\u00a0:<\/strong> <span class=\"pre-formatted-text\">Cette plage horaire est destin\u00e9e aux adultes comp\u00e9titifs poss\u00e9dant un niveau de jeu avanc\u00e9.\u00a0 Entra\u00eenements \u00e0 chaque semaine + jeu libre.<\/span><br \/>\n<strong>\u00c2ge requis\u00a0:<\/strong> 17+ au jour de l&rsquo;activit\u00e9<br \/>\n<strong>Notes\u00a0:<\/strong> <span class=\"pre-formatted-text\">Deux soir\u00e9es de pr\u00e9-s\u00e9lection auront lieu au d\u00e9but de la session (13 et 20 septembre) afin de d\u00e9terminer les niveaux des joueurs et voir ainsi s&rsquo;ils sont ad\u00e9quats pour le groupe. Les invit\u00e9s (frais de 15$) seront accept\u00e9s sur invitation seulement. Merci de v\u00e9rifier au pr\u00e9alable avec Vickel par courriel : vickel@badmintonlachine.com le jour de l&rsquo;activit\u00e9 avant midi.<\/span><br \/>\n<strong>Pr\u00e9requis\u00a0:<\/strong> <span class=\"pre-formatted-text\">Niveau de jeu avanc\u00e9 ainsi qu&rsquo;une tr\u00e8s bonne connaissance des r\u00e8gles de jeu et un bon esprit d&rsquo;\u00e9quipe.<\/span><\/p>\n<hr \/>\n","protected":false},"excerpt":{"rendered":"<p>Pour toutes questions concernant les inscriptions, veuillez contacter le registraire du club : vickel@badmintonlachine.com Lundi\/vendredi Adulte comp\u00e9titif\u00a0 Les lundis de 20:00 \u00e0 22:15, du 13 septembre 2021 jusqu&rsquo;au 30 mai 2022 et les vendredis de 20:30 \u00e0 22:30, du 17 septembre 2021 au 3 juin 2022 Date de\u00a0 d\u00e9but : lundi, 13 septembre 2021 Horaire\u00a0:<a href=\"https:\/\/badmintonlachine.com\/2015\/adultes-competitif\/\">[&#8230;]<\/a><\/p>\n","protected":false},"author":1,"featured_media":0,"parent":0,"menu_order":0,"comment_status":"closed","ping_status":"closed","template":"template-fullwidth.php","meta":{"footnotes":""},"class_list":["post-572","page","type-page","status-publish","hentry"],"_links":{"self":[{"href":"https:\/\/badmintonlachine.com\/2015\/wp-json\/wp\/v2\/pages\/572","targetHints":{"allow":["GET"]}}],"collection":[{"href":"https:\/\/badmintonlachine.com\/2015\/wp-json\/wp\/v2\/pages"}],"about":[{"href":"https:\/\/badmintonlachine.com\/2015\/wp-json\/wp\/v2\/types\/page"}],"author":[{"embeddable":true,"href":"https:\/\/badmintonlachine.com\/2015\/wp-json\/wp\/v2\/users\/1"}],"replies":[{"embeddable":true,"href":"https:\/\/badmintonlachine.com\/2015\/wp-json\/wp\/v2\/comments?post=572"}],"version-history":[{"count":22,"href":"https:\/\/badmintonlachine.com\/2015\/wp-json\/wp\/v2\/pages\/572\/revisions"}],"predecessor-version":[{"id":12773,"href":"https:\/\/badmintonlachine.com\/2015\/wp-json\/wp\/v2\/pages\/572\/revisions\/12773"}],"wp:attachment":[{"href":"https:\/\/badmintonlachine.com\/2015\/wp-json\/wp\/v2\/media?parent=572"}],"curies":[{"name":"wp","href":"https:\/\/api.w.org\/{rel}","templated":true}]}}