{"id":574,"date":"2015-08-22T11:36:05","date_gmt":"2015-08-22T15:36:05","guid":{"rendered":"http:\/\/badmintonlachine.com\/2015\/?page_id=574"},"modified":"2018-09-21T09:33:19","modified_gmt":"2018-09-21T13:33:19","slug":"jeunes-3-niveaux","status":"publish","type":"page","link":"https:\/\/badmintonlachine.com\/2015\/jeunes-3-niveaux\/","title":{"rendered":"JEUNES : 4 NIVEAUX"},"content":{"rendered":"<hr \/>\n<p>Pour toutes questions concernant les inscriptions, veuillez contacter le registraire du club : <a href=\"mailto:vickel@badmintonlachine.com\">vickel@badmintonlachine.com<\/a><\/p>\n<hr \/>\n<div class=\"row-fluid\">\n<div class=\"span4\"><\/div>\n<div class=\"span4\"><strong>Cat\u00e9gorie\u00a0:\u00a0<\/strong>Jeunes (cours)<\/div>\n<\/div>\n<div class=\"row-fluid\">\n<div class=\"span4\"><strong>Sous-cat\u00e9gorie\u00a0:\u00a0<\/strong><span style=\"color: #ff0000;\"><strong>Jeunes &#8211; Cours D\u00e9butant I (vendredi 18h &#8211; 19h)<\/strong><\/span><\/div>\n<\/div>\n<div class=\"row-fluid\">\n<div class=\"span4\"><strong>Description\u00a0:\u00a0<\/strong>Initiation au badminton par un entra\u00eeneur<\/div>\n<\/div>\n<div class=\"row-fluid\">\n<div class=\"span4\">\n<div class=\"span4\"><b>Entra\u00eeneur<\/b><strong>\u00a0:<\/strong>\u00a0Vanessa\u00a0Blanchette-Luong<\/div>\n<\/div>\n<div class=\"span4\"><strong>Pr\u00e9requis\u00a0:\u00a0<\/strong>Vouloir apprendre la base du badminton<\/div>\n<\/div>\n<div class=\"row-fluid\">\n<div class=\"span4\"><strong>\u00c2ge\u00a0: 6<\/strong>\u00a0\u00e0 16 ans<\/div>\n<\/div>\n<div class=\"row-fluid\">\n<div class=\"span4\"><strong>Horaire\u00a0:\u00a0<\/strong>Les vendredis de 18:00 \u00e0 19:00<\/div>\n<\/div>\n<div class=\"row-fluid\">\n<div class=\"span4\"><strong>Lieu\u00a0:\u00a0<\/strong>Coll\u00e8ge Sainte-Anne &#8211; gymnase 1<\/div>\n<\/div>\n<div class=\"row-fluid\"><\/div>\n<div class=\"span8\">\n<hr \/>\n<div class=\"row-fluid\">\n<div class=\"span4\"><\/div>\n<div class=\"span4\"><strong>Cat\u00e9gorie\u00a0:\u00a0<\/strong>Jeunes (cours)<\/div>\n<\/div>\n<div class=\"row-fluid\">\n<div class=\"span4\"><strong>Sous-cat\u00e9gorie\u00a0:\u00a0<\/strong><span style=\"color: #ff0000;\"><strong>Jeunes &#8211; Cours D\u00e9butant II (vendredi 19h \u00e0 20h)<\/strong><\/span><\/div>\n<\/div>\n<div class=\"row-fluid\">\n<div class=\"span4\"><strong>Description\u00a0:\u00a0<\/strong>Cours de niveau d\u00e9butant avec enseignement de techniques plus pouss\u00e9es que le niveau I<\/div>\n<\/div>\n<div class=\"row-fluid\">\n<div class=\"span4\"><strong><b>Entra\u00eeneur<\/b><\/strong><strong>\u00a0:<\/strong> Vanessa\u00a0Blanchette-Luong<\/div>\n<div class=\"span4\"><strong>Pr\u00e9requis\u00a0:\u00a0<\/strong>Ayant suivi le niveau I<\/div>\n<\/div>\n<div class=\"row-fluid\"><strong>\u00c2ge\u00a0: 6<\/strong>\u00a0\u00e0 16 ans<\/div>\n<div class=\"row-fluid\">\n<div class=\"span4\"><strong>Horaire\u00a0:\u00a0<\/strong>Les vendredis de 19:00 \u00e0 20:00<\/div>\n<\/div>\n<div class=\"row-fluid\">\n<div class=\"span4\"><strong>Lieu\u00a0:\u00a0<\/strong>Coll\u00e8ge Saint-Anne &#8211; gymnase 3<\/div>\n<\/div>\n<div class=\"row-fluid\">\n<div class=\"span4\"><\/div>\n<div class=\"span8\">\n<hr \/>\n<div class=\"row-fluid\">\n<div class=\"span4\"><\/div>\n<div class=\"span4\"><strong>Cat\u00e9gorie\u00a0:\u00a0<\/strong>Jeunes (cours)<\/div>\n<\/div>\n<div class=\"row-fluid\">\n<div class=\"span4\"><strong>Sous-cat\u00e9gorie\u00a0:\u00a0<\/strong><span style=\"color: #ff0000;\"><strong>Jeunes &#8211; Cours Interm\u00e9diaire (vendredi 18h \u00e0 20h)<\/strong><\/span><\/div>\n<\/div>\n<div class=\"row-fluid\">\n<div class=\"span4\"><strong>Description\u00a0:\u00a0<\/strong>Initiation \u00e0 la comp\u00e9tition<\/div>\n<\/div>\n<div class=\"row-fluid\">\n<div class=\"span4\"><strong><b>Entra\u00eeneur<\/b>\u00a0:<\/strong>\u00a0Tom Breyel<\/div>\n<div class=\"span4\"><strong>Pr\u00e9requis\u00a0:\u00a0<\/strong>Poss\u00e9der les techniques enseign\u00e9es au niveau d\u00e9butant<\/div>\n<\/div>\n<div class=\"row-fluid\">\n<div class=\"span4\"><strong>\u00c2ge\u00a0: 6<\/strong>\u00a0\u00e0 16 ans<\/div>\n<\/div>\n<div class=\"row-fluid\">\n<div class=\"span4\"><strong>Horaire\u00a0:\u00a0<\/strong>Les vendredis de 18:00 \u00e0 20:00<\/div>\n<\/div>\n<div class=\"row-fluid\">\n<div class=\"span4\"><strong>Lieu\u00a0:\u00a0<\/strong>Coll\u00e8ge Sainte-Anne &#8211; gymnases 1 et 2<\/div>\n<\/div>\n<div class=\"row-fluid\"><\/div>\n<div class=\"span8\">\n<div class=\"span8\">\n<hr \/>\n<div class=\"row-fluid\">\n<div class=\"span4\"><\/div>\n<div class=\"span4\"><strong>Cat\u00e9gorie\u00a0:\u00a0<\/strong>Jeunes (cours)<\/div>\n<\/div>\n<div class=\"row-fluid\">\n<div class=\"span4\"><strong>Sous-cat\u00e9gorie\u00a0:\u00a0<\/strong><span style=\"color: #ff0000;\"><strong>Jeunes &#8211; Cours Comp\u00e9titif ( mercredis de 19h \u00e0 21h et vendredis de 18h \u00e0 20h)<\/strong><\/span><\/div>\n<\/div>\n<div class=\"row-fluid\">\n<div class=\"span4\"><strong>Description\u00a0: <\/strong>Entra\u00eenements en vue des comp\u00e9titions sur le circuit ABRM (R\u00e9gion de Montr\u00e9al)<\/div>\n<div class=\"span8\"><strong><b>Entra\u00eeneur<\/b>\u00a0:<\/strong>\u00a0Christophe B\u00e9langer<\/div>\n<\/div>\n<div class=\"row-fluid\">\n<div class=\"span4\"><strong>Pr\u00e9requis\u00a0:\u00a0<\/strong>\u00catre pr\u00eat \u00e0 faire plusieurs comp\u00e9titions durant l&rsquo;ann\u00e9e<\/div>\n<\/div>\n<div class=\"row-fluid\">\n<div class=\"span4\"><strong>\u00c2ge\u00a0: 6<\/strong>\u00a0\u00e0 16 ans<\/div>\n<\/div>\n<div class=\"row-fluid\">\n<div class=\"span4\"><strong>Horaire\u00a0:\u00a0<\/strong>Les mercredis de 19:00 \u00e0 21:00 et les vendredis de 18:00 \u00e0 20:00<\/div>\n<\/div>\n<div class=\"row-fluid\">\n<div class=\"span4\"><strong>Lieu\u00a0:\u00a0<\/strong>Coll\u00e8ge Sainte-Anne, gymnases 1 , 2 et 3<\/div>\n<\/div>\n<div class=\"row-fluid\">\n<div class=\"span4\"><\/div>\n<div class=\"span8\">\n<hr \/>\n<div class=\"row-fluid\">\n<div class=\"span4\"><\/div>\n<div class=\"span4\"><strong>Cat\u00e9gorie\u00a0: <\/strong>Ligue R\u00e9cr\u00e9atives Jeunes (toutes cat\u00e9gories confondues)<\/div>\n<\/div>\n<div class=\"row-fluid\">\n<div class=\"span4\"><strong>Sous-cat\u00e9gorie\u00a0:\u00a0<\/strong><span style=\"color: #ff0000;\"><strong>Jeunes &#8211; Ligue de Badminton R\u00e9cr\u00e9ative\/ Badminton libre &#8211; samedi (12h \u00e0 14h)<\/strong><\/span><\/div>\n<\/div>\n<div class=\"row-fluid\">\n<div class=\"span4\"><strong>Description\u00a0: <\/strong>Parties de badminton en simple et en double avec animateur (pas d&rsquo;enseignement). Pointage cumul\u00e9 \u00e0 chaque semaine. De temps un temps, un entra\u00eeneur sera pr\u00e9sent pour montrer quelques techniques de jeu.<\/div>\n<div class=\"span4\"><\/div>\n<\/div>\n<div class=\"row-fluid\">\n<div class=\"span4\"><strong>Pr\u00e9requis\u00a0:\u00a0<\/strong>Aucun<\/div>\n<\/div>\n<div class=\"row-fluid\">\n<div class=\"span4\"><strong>\u00c2ge\u00a0: 6<\/strong>\u00a0\u00e0 16 ans<\/div>\n<\/div>\n<div class=\"row-fluid\">\n<div class=\"span4\"><strong>Horaire\u00a0:\u00a0<\/strong>Les samedis de 12:00 \u00e0 14:00<\/div>\n<\/div>\n<div class=\"row-fluid\">\n<div class=\"span4\"><strong>Lieu\u00a0:\u00a0<\/strong>Coll\u00e8ge Sainte-Anne &#8211; gymnase 1<\/div>\n<\/div>\n<div class=\"row-fluid\"><\/div>\n<\/div>\n<\/div>\n<\/div>\n<\/div>\n<\/div>\n<\/div>\n<\/div>\n","protected":false},"excerpt":{"rendered":"<p>Pour toutes questions concernant les inscriptions, veuillez contacter le registraire du club : vickel@badmintonlachine.com Cat\u00e9gorie\u00a0:\u00a0Jeunes (cours) Sous-cat\u00e9gorie\u00a0:\u00a0Jeunes &#8211; Cours D\u00e9butant I (vendredi 18h &#8211; 19h) Description\u00a0:\u00a0Initiation au badminton par un entra\u00eeneur Entra\u00eeneur\u00a0:\u00a0Vanessa\u00a0Blanchette-Luong Pr\u00e9requis\u00a0:\u00a0Vouloir apprendre la base du badminton \u00c2ge\u00a0: 6\u00a0\u00e0 16 ans Horaire\u00a0:\u00a0Les vendredis de 18:00 \u00e0 19:00 Lieu\u00a0:\u00a0Coll\u00e8ge Sainte-Anne &#8211; gymnase 1 Cat\u00e9gorie\u00a0:\u00a0Jeunes (cours)<a href=\"https:\/\/badmintonlachine.com\/2015\/jeunes-3-niveaux\/\">[&#8230;]<\/a><\/p>\n","protected":false},"author":1,"featured_media":0,"parent":0,"menu_order":0,"comment_status":"closed","ping_status":"closed","template":"template-fullwidth.php","meta":{"footnotes":""},"class_list":["post-574","page","type-page","status-publish","hentry"],"_links":{"self":[{"href":"https:\/\/badmintonlachine.com\/2015\/wp-json\/wp\/v2\/pages\/574","targetHints":{"allow":["GET"]}}],"collection":[{"href":"https:\/\/badmintonlachine.com\/2015\/wp-json\/wp\/v2\/pages"}],"about":[{"href":"https:\/\/badmintonlachine.com\/2015\/wp-json\/wp\/v2\/types\/page"}],"author":[{"embeddable":true,"href":"https:\/\/badmintonlachine.com\/2015\/wp-json\/wp\/v2\/users\/1"}],"replies":[{"embeddable":true,"href":"https:\/\/badmintonlachine.com\/2015\/wp-json\/wp\/v2\/comments?post=574"}],"version-history":[{"count":17,"href":"https:\/\/badmintonlachine.com\/2015\/wp-json\/wp\/v2\/pages\/574\/revisions"}],"predecessor-version":[{"id":3669,"href":"https:\/\/badmintonlachine.com\/2015\/wp-json\/wp\/v2\/pages\/574\/revisions\/3669"}],"wp:attachment":[{"href":"https:\/\/badmintonlachine.com\/2015\/wp-json\/wp\/v2\/media?parent=574"}],"curies":[{"name":"wp","href":"https:\/\/api.w.org\/{rel}","templated":true}]}}