{"id":786,"date":"2015-08-30T00:35:26","date_gmt":"2015-08-30T04:35:26","guid":{"rendered":"http:\/\/badmintonlachine.com\/2015\/?page_id=786"},"modified":"2018-05-20T19:23:24","modified_gmt":"2018-05-20T23:23:24","slug":"photos-et-videos","status":"publish","type":"page","link":"https:\/\/badmintonlachine.com\/2015\/photos-et-videos\/","title":{"rendered":"Photos"},"content":{"rendered":"<p>Vous trouverez ci dessous les liens vers les photos des diff\u00e9rents \u00e9v\u00e9nements organis\u00e9s par Badminton Lachine.<br \/>\nSi vous souhaitez \u00e9mettre un commentaire ou faire retirer l&rsquo;une des photos qui apparaissent dans ces albums, veuillez nous \u00e9crire par l&rsquo;interm\u00e9diaire du formulaire de contact sur la page d&rsquo;accueil du site web (ou directement \u00e0 : photos@badmintonlachine.com ) et nous nous empresserons de r\u00e9pondre \u00e0 votre demande.<\/p>\n\n<table id=\"tablepress-photos\" class=\"tablepress tablepress-id-photos\">\n<tbody class=\"row-hover\">\n<tr class=\"row-1\">\n\t<td class=\"column-1\"><a href=\"https:\/\/blind.smugmug.com\/Sports\/Badminton\/2025-Badminton-Lachine-Jr-Samedi-Meilleures-photos\" target=\"_blank\" rel=\"noopener\"><img class=\"aligncenter wp-image-865 size-full\" <br \/>\n<img loading=\"lazy\" decoding=\"async\" src=\"https:\/\/badmintonlachine.com\/2015\/wp-content\/uploads\/2019\/10\/photo70x70.png\" alt=\"\" width=\"70\" height=\"67\" class=\"aligncenter size-full wp-image-7793\" \/><\/td><td class=\"column-2\">2025 ABC Junior - LACHINE<br \/>\nLes meilleures photos (samedi)<br \/>\nDe : Denis Rouleau<\/td><td class=\"column-3\"><\/td>\n<\/tr>\n<tr class=\"row-2\">\n\t<td class=\"column-1\"><a href=\"https:\/\/blind.smugmug.com\/Sports\/Badminton\/2025-Badminton-Lachine-Jr-Samedi\/n-6pjBfL\" target=\"_blank\" rel=\"noopener\"><img class=\"aligncenter wp-image-865 size-full\" <br \/>\n<img loading=\"lazy\" decoding=\"async\" src=\"https:\/\/badmintonlachine.com\/2015\/wp-content\/uploads\/2019\/10\/photo70x70.png\" alt=\"\" width=\"70\" height=\"67\" class=\"aligncenter size-full wp-image-7793\" \/><\/td><td class=\"column-2\">2025 ABC Junior - LACHINE<br \/>\nPhotos du Samedi<br \/>\nDe : Denis Rouleau<\/td><td class=\"column-3\"><\/td>\n<\/tr>\n<tr class=\"row-3\">\n\t<td class=\"column-1\"><a href=\"https:\/\/blind.smugmug.com\/Sports\/Badminton\/2025-Badminton-Lachine-Jr-Dimanche-Meilleures-photos\/n-hWQzpT\" target=\"_blank\" rel=\"noopener\"><img class=\"aligncenter wp-image-865 size-full\" <br \/>\n<img loading=\"lazy\" decoding=\"async\" src=\"https:\/\/badmintonlachine.com\/2015\/wp-content\/uploads\/2019\/10\/photo70x70.png\" alt=\"\" width=\"70\" height=\"67\" class=\"aligncenter size-full wp-image-7793\" \/><\/td><td class=\"column-2\">2025 ABC Junior - LACHINE<br \/>\nLes meilleures photos (dimanche)<br \/>\nDe : Denis Rouleau<\/td><td class=\"column-3\"><\/td>\n<\/tr>\n<tr class=\"row-4\">\n\t<td class=\"column-1\"><a href=\"https:\/\/blind.smugmug.com\/Sports\/Badminton\/2025-Badminton-Lachine-Jr-Dimanche\/n-KDRDbR\" target=\"_blank\" rel=\"noopener\"><img class=\"aligncenter wp-image-865 size-full\" <br \/>\n<img loading=\"lazy\" decoding=\"async\" src=\"https:\/\/badmintonlachine.com\/2015\/wp-content\/uploads\/2019\/10\/photo70x70.png\" alt=\"\" width=\"70\" height=\"67\" class=\"aligncenter size-full wp-image-7793\" \/><\/td><td class=\"column-2\">2025 ABC Junior - LACHINE<br \/>\nPhotos du Dimanche<br \/>\nDe : Denis Rouleau<\/td><td class=\"column-3\"><\/td>\n<\/tr>\n<tr class=\"row-5\">\n\t<td class=\"column-1\"><a href=\"https:\/\/blind.smugmug.com\/Sports\/Badminton\/2025-Badminton-Lachine-Jr-Prix\/n-RLqjwK\" target=\"_blank\" rel=\"noopener\"><img class=\"aligncenter wp-image-865 size-full\" <br \/>\n<img loading=\"lazy\" decoding=\"async\" src=\"https:\/\/badmintonlachine.com\/2015\/wp-content\/uploads\/2019\/10\/photo70x70.png\" alt=\"\" width=\"70\" height=\"67\" class=\"aligncenter size-full wp-image-7793\" \/><\/td><td class=\"column-2\">2025 ABC Junior - LACHINE<br \/>\nRemises des prix<br \/>\nDe : Denis Rouleau<\/td><td class=\"column-3\"><\/td>\n<\/tr>\n<tr class=\"row-6\">\n\t<td class=\"column-1\"><a href=\"https:\/\/blind.smugmug.com\/Sports\/Badminton\/2018-ABC-4-Lachine-Gagnants\/\" target=\"_blank\" rel=\"noopener\"><img class=\"aligncenter wp-image-865 size-full\" <br \/>\n<img loading=\"lazy\" decoding=\"async\" src=\"https:\/\/badmintonlachine.com\/2015\/wp-content\/uploads\/2019\/10\/photo70x70.png\" alt=\"\" width=\"70\" height=\"67\" class=\"aligncenter size-full wp-image-7793\" \/><\/td><td class=\"column-2\">2018 ABC NO 3 - LACHINE # Gagnants<br \/>\nDe : Denis Rouleau<\/td><td class=\"column-3\"><\/td>\n<\/tr>\n<tr class=\"row-7\">\n\t<td class=\"column-1\"><a href=\"https:\/\/blind.smugmug.com\/Sports\/Badminton\/2018-ABC-4-Lachine-Dimanche\/\" target=\"_blank\" rel=\"noopener\"><img class=\"aligncenter wp-image-865 size-full\" <br \/>\n<img loading=\"lazy\" decoding=\"async\" src=\"https:\/\/badmintonlachine.com\/2015\/wp-content\/uploads\/2019\/10\/photo70x70.png\" alt=\"\" width=\"70\" height=\"67\" class=\"aligncenter size-full wp-image-7793\" \/><\/td><td class=\"column-2\">2018 ABC NO 3 - LACHINE # Dimanche<br \/>\nDe : Denis Rouleau<\/td><td class=\"column-3\"><\/td>\n<\/tr>\n<tr class=\"row-8\">\n\t<td class=\"column-1\"><a href=\"https:\/\/blind.smugmug.com\/Sports\/Badminton\/2018-ABC-4-Lachine-Samedi-petit\/\" target=\"_blank\" rel=\"noopener\"><img class=\"aligncenter wp-image-865 size-full\"<br \/>\n<img loading=\"lazy\" decoding=\"async\" src=\"https:\/\/badmintonlachine.com\/2015\/wp-content\/uploads\/2019\/10\/photo70x70.png\" alt=\"\" width=\"70\" height=\"67\" class=\"aligncenter size-full wp-image-7793\" \/><\/td><td class=\"column-2\">2018 ABC NO 3 - LACHINE # Samedi<br \/>\nDe : Denis Rouleau<\/td><td class=\"column-3\"><\/td>\n<\/tr>\n<tr class=\"row-9\">\n\t<td class=\"column-1\"><a href=\"https:\/\/photos.app.goo.gl\/1G1wDiga4fuR3GcA9\" target=\"_blank\" rel=\"noopener\"><img class=\"aligncenter wp-image-865 size-full\"<br \/>\n<img loading=\"lazy\" decoding=\"async\" src=\"https:\/\/badmintonlachine.com\/2015\/wp-content\/uploads\/2019\/10\/photo70x70.png\" alt=\"\" width=\"70\" height=\"67\" class=\"aligncenter size-full wp-image-7793\" \/><\/td><td class=\"column-2\">Bowling \u2013 Gala Laur\u00e9ats 2017-2018 \u2013 03 juin 2018<br \/>\nDe : Badminton Lachine<\/td><td class=\"column-3\"><\/td>\n<\/tr>\n<tr class=\"row-10\">\n\t<td class=\"column-1\"><a href=\"https:\/\/blind.smugmug.com\/Sports\/Badminton\/2018-8\u00e8-Classique-Lachine-Adulte\/\" target=\"_blank\" rel=\"noopener\"><img class=\"aligncenter wp-image-865 size-full\"<br \/>\n<img loading=\"lazy\" decoding=\"async\" src=\"https:\/\/badmintonlachine.com\/2015\/wp-content\/uploads\/2019\/10\/photo70x70.png\" alt=\"\" width=\"70\" height=\"67\" class=\"aligncenter size-full wp-image-7793\" \/><\/td><td class=\"column-2\">8e Classique de Lachine - ADULTES - 05 Mai 2018<br \/>\nDe : Denis Rouleau<\/td><td class=\"column-3\"><\/td>\n<\/tr>\n<tr class=\"row-11\">\n\t<td class=\"column-1\"><a href=\"https:\/\/blind.smugmug.com\/Sports\/Badminton\/2018-8\u00e8-Classique-Lachine-Junior\/\" target=\"_blank\" rel=\"noopener\"><img class=\"aligncenter wp-image-865 size-full\" <br \/>\n<img loading=\"lazy\" decoding=\"async\" src=\"https:\/\/badmintonlachine.com\/2015\/wp-content\/uploads\/2019\/10\/photo70x70.png\" alt=\"\" width=\"70\" height=\"67\" class=\"aligncenter size-full wp-image-7793\" \/><\/td><td class=\"column-2\">8e Classique de Lachine - JEUNES - 06 Mai 2018<br \/>\nDe : Denis Rouleau<\/td><td class=\"column-3\"><\/td>\n<\/tr>\n<tr class=\"row-12\">\n\t<td class=\"column-1\"><a href=\"https:\/\/goo.gl\/photos\/jPhQHebemLs5Ko1Q6\" target=\"_blank\" rel=\"noopener\"><img class=\"aligncenter wp-image-865 size-full\" <br \/>\n<img loading=\"lazy\" decoding=\"async\" src=\"https:\/\/badmintonlachine.com\/2015\/wp-content\/uploads\/2019\/10\/photo70x70.png\" alt=\"\" width=\"70\" height=\"67\" class=\"aligncenter size-full wp-image-7793\" \/><\/td><td class=\"column-2\">6e Classique - 07-08 Mai 2016<br \/>\nDe : Badminton Lachine<\/td><td class=\"column-3\"><\/td>\n<\/tr>\n<tr class=\"row-13\">\n\t<td class=\"column-1\"><a href=\"https:\/\/blind.smugmug.com\/Sports\/Badminton\/20160507-6\u00e8-Classique-Lachine\" target=\"_blank\" rel=\"noopener\"><img class=\"aligncenter wp-image-865 size-full\" <br \/>\n<img loading=\"lazy\" decoding=\"async\" src=\"https:\/\/badmintonlachine.com\/2015\/wp-content\/uploads\/2019\/10\/photo70x70.png\" alt=\"\" width=\"70\" height=\"67\" class=\"aligncenter size-full wp-image-7793\" \/><\/td><td class=\"column-2\">6e Classique - ADULTES - 07 Mai 2016<br \/>\nDe : Denis Rouleau<\/td><td class=\"column-3\"><\/td>\n<\/tr>\n<tr class=\"row-14\">\n\t<td class=\"column-1\"><a href=\"https:\/\/flic.kr\/s\/aHskzLoAqS\" target=\"_blank\" rel=\"noopener\"><img class=\"aligncenter wp-image-865 size-full\" s<br \/>\n<img loading=\"lazy\" decoding=\"async\" src=\"https:\/\/badmintonlachine.com\/2015\/wp-content\/uploads\/2019\/10\/photo70x70.png\" alt=\"\" width=\"70\" height=\"67\" class=\"aligncenter size-full wp-image-7793\" \/><\/td><td class=\"column-2\">6e Classique - JEUNES - 08 Mai 2016<br \/>\nDe : Kangmo<\/td><td class=\"column-3\"><\/td>\n<\/tr>\n<tr class=\"row-15\">\n\t<td class=\"column-1\"><a href=\"https:\/\/goo.gl\/photos\/KdCMAEzdwsdZHMRv7\" target=\"_blank\" rel=\"noopener\"><img class=\"aligncenter wp-image-865 size-full\" <br \/>\n<img loading=\"lazy\" decoding=\"async\" src=\"https:\/\/badmintonlachine.com\/2015\/wp-content\/uploads\/2019\/10\/photo70x70.png\" alt=\"\" width=\"70\" height=\"67\" class=\"aligncenter size-full wp-image-7793\" \/><\/td><td class=\"column-2\">ABRM 12 mars 2016<\/td><td class=\"column-3\"><\/td>\n<\/tr>\n<tr class=\"row-16\">\n\t<td class=\"column-1\"><a href=\"https:\/\/goo.gl\/photos\/XaafWsYF8Uqwx8fb6\" target=\"_blank\" rel=\"noopener\"><img class=\"aligncenter wp-image-865 size-full\" <br \/>\n<img loading=\"lazy\" decoding=\"async\" src=\"https:\/\/badmintonlachine.com\/2015\/wp-content\/uploads\/2019\/10\/photo70x70.png\" alt=\"\" width=\"70\" height=\"67\" class=\"aligncenter size-full wp-image-7793\" \/><\/td><td class=\"column-2\">ABRM 20 fev 2016<\/td><td class=\"column-3\"><\/td>\n<\/tr>\n<tr class=\"row-17\">\n\t<td class=\"column-1\"><a href=\"https:\/\/goo.gl\/photos\/PTN6yc1JnPoseXbJ7\" target=\"_blank\" rel=\"noopener\"><img class=\"aligncenter wp-image-865 size-full\" <br \/>\n<img loading=\"lazy\" decoding=\"async\" src=\"https:\/\/badmintonlachine.com\/2015\/wp-content\/uploads\/2019\/10\/photo70x70.png\" alt=\"\" width=\"70\" height=\"67\" class=\"aligncenter size-full wp-image-7793\" \/><\/td><td class=\"column-2\">2016 JUNIOR NO 6 \u2013 PIERREFONDS<\/td><td class=\"column-3\"><\/td>\n<\/tr>\n<tr class=\"row-18\">\n\t<td class=\"column-1\"><a href=\"https:\/\/goo.gl\/photos\/ayJtGbqL1NTpCuzg9\" target=\"_blank\" rel=\"noopener\"><img class=\"aligncenter wp-image-865 size-full\" <br \/>\n<img loading=\"lazy\" decoding=\"async\" src=\"https:\/\/badmintonlachine.com\/2015\/wp-content\/uploads\/2019\/10\/photo70x70.png\" alt=\"\" width=\"70\" height=\"67\" class=\"aligncenter size-full wp-image-7793\" \/><\/td><td class=\"column-2\">2016 JUNIOR NO 5 \u2013 DRUMMONDVILLE<\/td><td class=\"column-3\"><\/td>\n<\/tr>\n<tr class=\"row-19\">\n\t<td class=\"column-1\"><a href=\"https:\/\/goo.gl\/photos\/3QQLY5JDpKS9dw1k7\" target=\"_blank\" rel=\"noopener\"><img class=\"aligncenter wp-image-865 size-full\"<br \/>\n<img loading=\"lazy\" decoding=\"async\" src=\"https:\/\/badmintonlachine.com\/2015\/wp-content\/uploads\/2019\/10\/photo70x70.png\" alt=\"\" width=\"70\" height=\"67\" class=\"aligncenter size-full wp-image-7793\" \/><\/td><td class=\"column-2\">Tournoi ABC # 4  Yonex - Sport Expert <br \/>\nNov. 2015 - LACHINE<\/td><td class=\"column-3\"><\/td>\n<\/tr>\n<tr class=\"row-20\">\n\t<td class=\"column-1\"><a href=\"https:\/\/flic.kr\/s\/aHskqixGvY\" target=\"_blank\" rel=\"noopener\"><img class=\"aligncenter wp-image-865 size-full\"<br \/>\n<img loading=\"lazy\" decoding=\"async\" src=\"https:\/\/badmintonlachine.com\/2015\/wp-content\/uploads\/2019\/10\/photo70x70.png\" alt=\"\" width=\"70\" height=\"67\" class=\"aligncenter size-full wp-image-7793\" \/><\/td><td class=\"column-2\">2015-2016 Junior no 4 \u2013 Sherbrooke<br \/>\n(by kangmo yang)<\/td><td class=\"column-3\"><\/td>\n<\/tr>\n<tr class=\"row-21\">\n\t<td class=\"column-1\"><a href=\"https:\/\/goo.gl\/photos\/qrsRdykD1pa3X1Tc9\" target=\"_blank\" rel=\"noopener\"><img class=\"aligncenter wp-image-865 size-full\"<br \/>\n<img loading=\"lazy\" decoding=\"async\" src=\"https:\/\/badmintonlachine.com\/2015\/wp-content\/uploads\/2019\/10\/photo70x70.png\" alt=\"\" width=\"70\" height=\"67\" class=\"aligncenter size-full wp-image-7793\" \/><\/td><td class=\"column-2\">5e Classique de Badminton Lachine<br \/>\nCat\u00e9gorie JEUNES, 9 mai 2015<\/td><td class=\"column-3\"><\/td>\n<\/tr>\n<tr class=\"row-22\">\n\t<td class=\"column-1\"><a href=\"https:\/\/goo.gl\/photos\/eFoFG1vmr33QpPCu7\" target=\"_blank\" rel=\"noopener\"><br \/>\n<img loading=\"lazy\" decoding=\"async\" src=\"https:\/\/badmintonlachine.com\/2015\/wp-content\/uploads\/2019\/10\/photo70x70.png\" alt=\"\" width=\"70\" height=\"67\" class=\"aligncenter size-full wp-image-7793\" \/><\/td><td class=\"column-2\">5e Classique de Badminton Lachine<br \/>\nCat\u00e9gorie ADULTES, 2 mai 2015<\/td><td class=\"column-3\"><\/td>\n<\/tr>\n<tr class=\"row-23\">\n\t<td class=\"column-1\"><a href=\"https:\/\/goo.gl\/photos\/zJnvkZdFaiXX5JuX6\" target=\"_blank\" rel=\"noopener\"><br \/>\n<img loading=\"lazy\" decoding=\"async\" src=\"https:\/\/badmintonlachine.com\/2015\/wp-content\/uploads\/2019\/10\/photo70x70.png\" alt=\"\" width=\"70\" height=\"67\" class=\"aligncenter size-full wp-image-7793\" \/><\/td><td class=\"column-2\">S\u00e9lection des jeux du Qu\u00e9bec 2015<br \/>\nBadminton Lachine<\/td><td class=\"column-3\"><\/td>\n<\/tr>\n<tr class=\"row-24\">\n\t<td class=\"column-1\"><a href=\"https:\/\/goo.gl\/photos\/WGc3t5rMFDQC6KEY6\" target=\"_blank\" rel=\"noopener\"><br \/>\n<img loading=\"lazy\" decoding=\"async\" src=\"https:\/\/badmintonlachine.com\/2015\/wp-content\/uploads\/2019\/10\/photo70x70.png\" alt=\"\" width=\"70\" height=\"67\" class=\"aligncenter size-full wp-image-7793\" \/><\/td><td class=\"column-2\">Clinique de perfectionnement pour Adultes<br \/>\nLe Double - 02 d\u00e9c 2014<\/td><td class=\"column-3\"><\/td>\n<\/tr>\n<tr class=\"row-25\">\n\t<td class=\"column-1\"><a href=\"https:\/\/goo.gl\/photos\/jLcqKkGH7Bz7wFud9\" target=\"_blank\" rel=\"noopener\"><br \/>\n<img loading=\"lazy\" decoding=\"async\" src=\"https:\/\/badmintonlachine.com\/2015\/wp-content\/uploads\/2019\/10\/photo70x70.png\" alt=\"\" width=\"70\" height=\"67\" class=\"aligncenter size-full wp-image-7793\" \/><\/td><td class=\"column-2\">Tournoi ABC Yonex - Sport Expert<br \/>\nBadminton Lachine - 23-24 Nov 2013 : EN JEU<\/td><td class=\"column-3\"><\/td>\n<\/tr>\n<tr class=\"row-26\">\n\t<td class=\"column-1\"><a href=\"https:\/\/goo.gl\/photos\/r5E9afXDznrPfazJ7\" target=\"_blank\" rel=\"noopener\"><br \/>\n<img loading=\"lazy\" decoding=\"async\" src=\"https:\/\/badmintonlachine.com\/2015\/wp-content\/uploads\/2019\/10\/photo70x70.png\" alt=\"\" width=\"70\" height=\"67\" class=\"aligncenter size-full wp-image-7793\" \/><\/td><td class=\"column-2\">Tournoi ABC Yonex - Sport Expert<br \/>\nBadminton Lachine - 23-24 Nov 2013 : M\u00c9DAILLES<\/td><td class=\"column-3\"><\/td>\n<\/tr>\n<tr class=\"row-27\">\n\t<td class=\"column-1\"><a href=\"https:\/\/goo.gl\/photos\/1VBTQ2LF2zBKRKWw5\" target=\"_blank\" rel=\"noopener\"><br \/>\n<img loading=\"lazy\" decoding=\"async\" src=\"https:\/\/badmintonlachine.com\/2015\/wp-content\/uploads\/2019\/10\/photo70x70.png\" alt=\"\" width=\"70\" height=\"67\" class=\"aligncenter size-full wp-image-7793\" \/><\/td><td class=\"column-2\">Tournoi ABC Yonex - Sport Expert<br \/>\nBadminton Lachine - 23-24 Nov 2013 : ORGANISATION<\/td><td class=\"column-3\"><\/td>\n<\/tr>\n<\/tbody>\n<\/table>\n<!-- #tablepress-photos from cache -->\n","protected":false},"excerpt":{"rendered":"<p>Vous trouverez ci dessous les liens vers les photos des diff\u00e9rents \u00e9v\u00e9nements organis\u00e9s par Badminton Lachine. Si vous souhaitez \u00e9mettre un commentaire ou faire retirer l&rsquo;une des photos qui apparaissent dans ces albums, veuillez nous \u00e9crire par l&rsquo;interm\u00e9diaire du formulaire de contact sur la page d&rsquo;accueil du site web (ou directement \u00e0 : photos@badmintonlachine.com )<a href=\"https:\/\/badmintonlachine.com\/2015\/photos-et-videos\/\">[&#8230;]<\/a><\/p>\n","protected":false},"author":1,"featured_media":0,"parent":0,"menu_order":0,"comment_status":"closed","ping_status":"closed","template":"template-fullwidth.php","meta":{"footnotes":""},"class_list":["post-786","page","type-page","status-publish","hentry"],"_links":{"self":[{"href":"https:\/\/badmintonlachine.com\/2015\/wp-json\/wp\/v2\/pages\/786","targetHints":{"allow":["GET"]}}],"collection":[{"href":"https:\/\/badmintonlachine.com\/2015\/wp-json\/wp\/v2\/pages"}],"about":[{"href":"https:\/\/badmintonlachine.com\/2015\/wp-json\/wp\/v2\/types\/page"}],"author":[{"embeddable":true,"href":"https:\/\/badmintonlachine.com\/2015\/wp-json\/wp\/v2\/users\/1"}],"replies":[{"embeddable":true,"href":"https:\/\/badmintonlachine.com\/2015\/wp-json\/wp\/v2\/comments?post=786"}],"version-history":[{"count":15,"href":"https:\/\/badmintonlachine.com\/2015\/wp-json\/wp\/v2\/pages\/786\/revisions"}],"predecessor-version":[{"id":3262,"href":"https:\/\/badmintonlachine.com\/2015\/wp-json\/wp\/v2\/pages\/786\/revisions\/3262"}],"wp:attachment":[{"href":"https:\/\/badmintonlachine.com\/2015\/wp-json\/wp\/v2\/media?parent=786"}],"curies":[{"name":"wp","href":"https:\/\/api.w.org\/{rel}","templated":true}]}}