{"id":9,"date":"2015-07-07T22:31:08","date_gmt":"2015-07-07T22:31:08","guid":{"rendered":"http:\/\/badmintonlachine.com\/2015\/?page_id=9"},"modified":"2024-01-30T17:53:53","modified_gmt":"2024-01-30T22:53:53","slug":"page-2","status":"publish","type":"page","link":"https:\/\/badmintonlachine.com\/2015\/page-2\/","title":{"rendered":"R\u00e8glement interne du club"},"content":{"rendered":"<p style=\"text-align: right;\"><a href=\"http:\/\/badmintonlachine.com\/2015\/index.php\/club-rules\/\">This article is also available in English<\/a><\/p>\n<h4><strong>Article 1: Respect des personnes<\/strong><\/h4>\n<p>Badminton Lachine est une association qui respecte l\u2019esprit et l\u2019\u00e9thique sportifs. C&rsquo;est pourquoi toutes les remarques antisportives, injurieuses, sexistes ou racistes seront sanctionn\u00e9es par un avertissement et une exclusion imm\u00e9diate et d\u00e9finitive des gymnases.<\/p>\n<h4><strong>Article 2: Respect des installations et du mat\u00e9riel<\/strong><\/h4>\n<p>Les joueurs doivent obligatoirement pratiquer avec des chaussures non marquantes, con\u00e7ues sp\u00e9cialement pour les sports en salle et exclusivement r\u00e9serv\u00e9es \u00e0 un usage int\u00e9rieur (maintien de la propret\u00e9 du gymnase). Les bottes d\u2019hiver ne sont pas permises dans les gymnases. Les joueurs sont responsables de leur raquette. Les volants de plastique sont fournis par le club et doivent \u00eatre rendus \u00e0 l\u2019animateur(trice) \u00e0 la fin de la soir\u00e9e. Tout dommage au mat\u00e9riel ou aux installations caus\u00e9 par un joueur pourrait lui \u00eatre factur\u00e9.<\/p>\n<h4><strong>Article 3: Jeu en simple et en double<\/strong><\/h4>\n<p>En tout temps, la priorit\u00e9 est donn\u00e9e au jeu en double. Cependant, lorsque plusieurs terrains sont libres, le jeu en simple sera autoris\u00e9.<\/p>\n<h4><strong>Article 4: Utilisation des terrains<\/strong><\/h4>\n<p>Un(e) animateur(trice) assure la gestion \u00e0 l\u2019int\u00e9rieur du gymnase pendant la soir\u00e9e en utilisant, s\u2019il y a lieu, un tableau de rotation. Ce tableau est utilis\u00e9 pour permettre \u00e0 tous les membres de pratiquer le badminton de fa\u00e7on \u00e9quitable. Une rotation des joueurs sur les terrains est donc obligatoire et, apr\u00e8s chaque match, les joueurs devront se retirer du terrain, m\u00eame si d\u2019autres terrains sont libres. Aucun membre ou groupe de membres n\u2019est en droit de s\u2019approprier le m\u00eame terrain pour toute la soir\u00e9e ou une majeure partie de celle-ci.<\/p>\n<h4><strong>Article 5: Syst\u00e8me de pointage<\/strong><\/h4>\n<p>Le syst\u00e8me de pointage international de 21 points sera en vigueur. Les membres jouent une partie de 21 points et ensuite quittent le terrain pour revenir en file d\u2019attente.<\/p>\n<h4><strong>Article 6: Responsabilit\u00e9s<\/strong><\/h4>\n<p>Tout mineur est sous l\u2019enti\u00e8re responsabilit\u00e9 de son repr\u00e9sentant l\u00e9gal en dehors des horaires d\u2019entra\u00eenement. Les parents doivent imp\u00e9rativement s\u2019assurer de la pr\u00e9sence d\u2019un(e) animateur(trice) dans la salle en d\u00e9but de s\u00e9ance avant d\u2019y laisser leur enfant. Les enfants de moins de 16 ans ne peuvent jouer au badminton que durant les plages horaires qui leur sont<br \/>\nr\u00e9serv\u00e9es. M\u00eame s\u2019ils sont accompagn\u00e9s de leurs parents, il leur est interdit de jouer durant les plages horaires r\u00e9serv\u00e9es aux adultes. Le club d\u00e9cline toute responsabilit\u00e9 :<br \/>\n\u2013 en cas d\u2019incident ou d\u2019accident d\u2019un joueur qui n\u2019est pas membre ou invit\u00e9 du club ;<br \/>\n\u2013 en cas d\u2019accident d\u00fb au non-respect des consignes ou du r\u00e8glement ;<br \/>\n\u2013 en cas de vol ou de perte de biens personnels.<br \/>\nLe club recommande de ne laisser aucun effet personnel ou de valeur dans les vestiaires durant les plages horaires et les \u00e9v\u00e9nements de badminton.<\/p>\n<h4><strong>Article 7: Invit\u00e9s<\/strong><\/h4>\n<p>Le club accepte les invit\u00e9s lorsque l\u2019affluence le permet. La personne invit\u00e9e doit se conformer au r\u00e8glement. Avant de commencer \u00e0 jouer, les invit\u00e9s doivent payer \u00e0 l\u2019animateur(trice) les frais d&rsquo;invit\u00e9s, \u00e9tablis par le Conseil d&rsquo;Administration. L\u2019animateur(trice) peut accepter, limiter le nombre ou refuser des invit\u00e9s<br \/>\nen fonction de l\u2019achalandage des terrains. Les membres du club ont toujours la priorit\u00e9 en mati\u00e8re de temps de jeu.<br \/>\nLe non-respect de ce r\u00e8glement (sauf pour l\u2019article 1 ci-dessus) entra\u00eenera l\u2019expulsion de la personne fautive apr\u00e8s deux avertissements de l\u2019animateur(trice).<\/p>\n<h4><strong>Article 8: Sanctions<\/strong><\/h4>\n<p>Tout manquement r\u00e9p\u00e9t\u00e9 \u00e0 ce r\u00e8glement, librement accept\u00e9 par l\u2019adh\u00e9rent au club, entra\u00eenera la responsabilit\u00e9 du fautif. Il sera d\u2019abord averti, puis si n\u00e9cessaire exclu (exclusion temporaire puis d\u00e9finitive) avec ou sans remboursement de sa cotisation, apr\u00e8s d\u00e9lib\u00e9ration du comit\u00e9 du club.<\/p>\n<h4><strong>Article 9: Objet et modifications<\/strong><\/h4>\n<p>Le r\u00e8glement suivant compl\u00e8te les statuts d\u00e9pos\u00e9s du club Badminton Lachine, ainsi que les r\u00e8gles d\u2019utilisation propres aux gymnases du coll\u00e8ge Sainte-Anne. Chaque membre (et le responsable l\u00e9gal pour les mineurs) doit prendre connaissance de ces diff\u00e9rents textes et en respecter les consignes.<br \/>\nLe pr\u00e9sent r\u00e8glement peut \u00eatre modifi\u00e9 par le conseil d\u2019administration, qui le fera alors approuver lors d\u2019une assembl\u00e9e g\u00e9n\u00e9rale.<\/p>\n<h4><strong>Article 10: Politique de remboursement<\/strong><\/h4>\n<p><span data-contrast=\"none\">Les demandes de remboursement pour les frais d\u2019inscription seront accept\u00e9es pendant les\u00a0deux\u00a0premi\u00e8res semaines de la saison en cours.\u00a0<\/span><span data-contrast=\"none\">Le montant du remboursement sera calcul\u00e9\u00a0<\/span><span data-contrast=\"none\">au prorata du montant pay\u00e9 pour la session ou l\u2019ann\u00e9e<\/span><span data-contrast=\"none\">.\u202f\u00a0<\/span><span data-contrast=\"none\">Aucun remboursement des frais d\u2019administration.\u00a0<\/span><span data-contrast=\"none\">Apr\u00e8s\u00a0ce d\u00e9lai, aucune demande de remboursement ne sera accept\u00e9e pour la saison en cours, sauf pour raison m\u00e9dicale, preuve \u00e0 l\u2019appui.\u00a0<\/span><span data-contrast=\"none\">Le montant du remboursement sera calcul\u00e9 comme mentionn\u00e9 ci-dessus.<\/span>\u00a0<span data-contrast=\"none\">Il\u00a0faut pr\u00e9voir un d\u00e9lai minimum de\u00a0<\/span><span data-contrast=\"none\">10 jours\u00a0<\/span><span data-contrast=\"none\">ouvrables\u00a0pour\u00a0recevoir le remboursement.\u00a0<\/span><span data-contrast=\"none\">Le remboursement se fera par<\/span><span data-contrast=\"none\">\u00a0la carte de cr\u00e9dit utilis\u00e9e lors du paiement initial\u00a0si celle-ci\u00a0est encore valide.\u00a0Dans le cas contraire,\u00a0il se fera par ch\u00e8que. Des\u00a0d\u00e9lais suppl\u00e9mentaires\u00a0sont\u00a0cependant\u00a0\u00e0 pr\u00e9voir.\u00a0<\/span><br \/>\n<span data-contrast=\"none\">Les demandes de remboursement doivent \u00eatre achemin\u00e9es par courriel\u202f\u00e0\u202f:\u00a0remboursement<\/span><span data-contrast=\"none\">@badmintonlachine.com<\/span><br \/>\n<span data-contrast=\"none\">Toute demande\u00a0de renseignements suppl\u00e9mentaires\u00a0doit \u00eatre faite aupr\u00e8s du tr\u00e9sorier du\u00a0club<\/span><span data-contrast=\"none\">.<\/span><span data-ccp-props=\"{&quot;201341983&quot;:0,&quot;335559739&quot;:360,&quot;335559740&quot;:240}\">\u00a0<\/span><\/p>\n<h4><strong>Article 11 : Tol\u00e9rance z\u00e9ro<\/strong><\/h4>\n<p>Il est strictement interdit de poss\u00e9der, de consommer ou de faire le trafic d\u2019alcool et de substances illicites (drogues, st\u00e9ro\u00efdes, etc.) au sein du club Badminton Lachine, sous peine de sanctions.<br \/>\nLes sanctions peuvent comprendre une suspension temporaire ou permanente, la perte de l&rsquo;aide financi\u00e8re provenant du club Badminton Lachine, le signalement aux autorit\u00e9s pertinentes (parents, police, \u00e9cole, associations de badminton, etc.), mesures disciplinaires, etc<\/p>\n<h4><strong>Article 12 : Photos<\/strong><\/h4>\n<p>Lors des activit\u00e9s organis\u00e9es par Badminton Lachine ou pendant lesquelles des membres de Badminton Lachine y participent, des photos peuvent \u00eatre prises par des parents et b\u00e9n\u00e9voles du club.\u00a0 Ces photos pourront \u00e9ventuellement \u00eatre utilis\u00e9es sur des sites internet, dans des journaux et dans des campagnes publicitaires pour faire la promotion du badminton ou encore pour publiciser un \u00e9v\u00e8nement en lien avec le club.\u00a0 En vous inscrivant, vous acceptez que le club utilise ces photos prises de vos enfants. Vous pouvez cependant demander en tout tant que les photos qui vous concernent soient effac\u00e9es en envoyant une demande \u00e0 l&rsquo;adresse info@badmintonlachine.com<\/p>\n","protected":false},"excerpt":{"rendered":"<p>This article is also available in English Article 1: Respect des personnes Badminton Lachine est une association qui respecte l\u2019esprit et l\u2019\u00e9thique sportifs. C&rsquo;est pourquoi toutes les remarques antisportives, injurieuses, sexistes ou racistes seront sanctionn\u00e9es par un avertissement et une exclusion imm\u00e9diate et d\u00e9finitive des gymnases. Article 2: Respect des installations et du mat\u00e9riel Les<a href=\"https:\/\/badmintonlachine.com\/2015\/page-2\/\">[&#8230;]<\/a><\/p>\n","protected":false},"author":1,"featured_media":0,"parent":0,"menu_order":0,"comment_status":"closed","ping_status":"closed","template":"template-fullwidth.php","meta":{"footnotes":""},"class_list":["post-9","page","type-page","status-publish","hentry"],"_links":{"self":[{"href":"https:\/\/badmintonlachine.com\/2015\/wp-json\/wp\/v2\/pages\/9","targetHints":{"allow":["GET"]}}],"collection":[{"href":"https:\/\/badmintonlachine.com\/2015\/wp-json\/wp\/v2\/pages"}],"about":[{"href":"https:\/\/badmintonlachine.com\/2015\/wp-json\/wp\/v2\/types\/page"}],"author":[{"embeddable":true,"href":"https:\/\/badmintonlachine.com\/2015\/wp-json\/wp\/v2\/users\/1"}],"replies":[{"embeddable":true,"href":"https:\/\/badmintonlachine.com\/2015\/wp-json\/wp\/v2\/comments?post=9"}],"version-history":[{"count":29,"href":"https:\/\/badmintonlachine.com\/2015\/wp-json\/wp\/v2\/pages\/9\/revisions"}],"predecessor-version":[{"id":13856,"href":"https:\/\/badmintonlachine.com\/2015\/wp-json\/wp\/v2\/pages\/9\/revisions\/13856"}],"wp:attachment":[{"href":"https:\/\/badmintonlachine.com\/2015\/wp-json\/wp\/v2\/media?parent=9"}],"curies":[{"name":"wp","href":"https:\/\/api.w.org\/{rel}","templated":true}]}}