{"id":12897,"date":"2021-10-26T10:41:55","date_gmt":"2021-10-26T14:41:55","guid":{"rendered":"https:\/\/badmintonlachine.com\/2015\/?post_type=product&#038;p=12897"},"modified":"2022-01-01T00:10:15","modified_gmt":"2022-01-01T05:10:15","slug":"partenaire_elite","status":"publish","type":"product","link":"https:\/\/badmintonlachine.com\/2015\/produit\/partenaire_elite\/","title":{"rendered":"Entr\u00e9e Partenaire \u00c9lite"},"content":{"rendered":"<div>Passeport vaccinal obligatoire et r\u00e9ponse aux questions covid \u00e0 l&rsquo;entr\u00e9e des gyms<\/div>\n<div>Le partenaire doit \u00eatre inscrit officiellement comme partenaire d&rsquo;un membre de notre club au prochain tournoi<\/div>\n<div>maximum 2x\/mois<\/div>\n<div>maximum de 2 joueurs partenaires par soir\u00e9e<\/div>\n<div>Valable exclusivement pour le groupe \u00e9lite.<\/div>\n","protected":false},"excerpt":{"rendered":"<p>Invitation Partenaire \u00c9lite<\/p>\n<p>1 soir\u00e9e de pratique en pr\u00e9paration d&rsquo;un tournoi avec un joueur du groupe \u00c9lite de Badminton Lachine<\/p>\n","protected":false},"featured_media":12490,"template":"","meta":[],"product_brand":[],"product_cat":[67],"product_tag":[],"class_list":{"0":"post-12897","1":"product","2":"type-product","3":"status-publish","4":"has-post-thumbnail","6":"product_cat-cours-prives-pour-jeunes","8":"first","9":"instock","10":"virtual","11":"purchasable","12":"product-type-simple"},"_links":{"self":[{"href":"https:\/\/badmintonlachine.com\/2015\/wp-json\/wp\/v2\/product\/12897","targetHints":{"allow":["GET"]}}],"collection":[{"href":"https:\/\/badmintonlachine.com\/2015\/wp-json\/wp\/v2\/product"}],"about":[{"href":"https:\/\/badmintonlachine.com\/2015\/wp-json\/wp\/v2\/types\/product"}],"wp:featuredmedia":[{"embeddable":true,"href":"https:\/\/badmintonlachine.com\/2015\/wp-json\/wp\/v2\/media\/12490"}],"wp:attachment":[{"href":"https:\/\/badmintonlachine.com\/2015\/wp-json\/wp\/v2\/media?parent=12897"}],"wp:term":[{"taxonomy":"product_brand","embeddable":true,"href":"https:\/\/badmintonlachine.com\/2015\/wp-json\/wp\/v2\/product_brand?post=12897"},{"taxonomy":"product_cat","embeddable":true,"href":"https:\/\/badmintonlachine.com\/2015\/wp-json\/wp\/v2\/product_cat?post=12897"},{"taxonomy":"product_tag","embeddable":true,"href":"https:\/\/badmintonlachine.com\/2015\/wp-json\/wp\/v2\/product_tag?post=12897"}],"curies":[{"name":"wp","href":"https:\/\/api.w.org\/{rel}","templated":true}]}}