{"id":13209,"date":"2022-05-04T12:02:49","date_gmt":"2022-05-04T16:02:49","guid":{"rendered":"https:\/\/badmintonlachine.com\/2015\/?post_type=product&#038;p=13209"},"modified":"2022-12-21T13:52:19","modified_gmt":"2022-12-21T18:52:19","slug":"don-pour-supporter-le-developpement-de-club","status":"publish","type":"product","link":"https:\/\/badmintonlachine.com\/2015\/produit\/don-pour-supporter-le-developpement-de-club\/","title":{"rendered":"Don pour supporter le D\u00e9veloppement de Club"},"content":{"rendered":"<p>Merci \u00e0 nos g\u00e9n\u00e9reux donateurs qui souhaitent supporter notre Club et nous aider \u00e0 promouvoir l&rsquo;activit\u00e9 sportive chez les jeunes et les adultes par la pratique et l&rsquo;\u00e9ducation du Badminton.<\/p>\n<p>Si vous souhaitez contribuer \u00e0 votre tour, il vous suffit de s\u00e9lectionner le montant que vous souhaitez verser.<\/p>\n<p>&nbsp;<\/p>\n<p>&nbsp;<\/p>\n<hr \/>\n<p>Note : Badminton Lachine est un organisme sans but lucratif. Nous ne sommes cependant pas fiscalement autoris\u00e9s \u00e0 \u00e9mettre de re\u00e7u d&rsquo;imp\u00f4t pour les donations.<\/p>\n","protected":false},"excerpt":{"rendered":"<p>Merci \u00e0 nos g\u00e9n\u00e9reux donateurs qui souhaitent supporter notre Club et nous aider \u00e0 promouvoir l&rsquo;activit\u00e9 sportive chez les jeunes et les adultes par la pratique et l&rsquo;\u00e9ducation du Badminton.<\/p>\n<p>Si vous souhaitez contribuer \u00e0 votre tour, il vous suffit de s\u00e9lectionner le montant que vous souhaitez verser, par tranches de 10$.<\/p>\n","protected":false},"featured_media":13210,"template":"","meta":[],"product_brand":[],"product_cat":[97],"product_tag":[],"class_list":{"0":"post-13209","1":"product","2":"type-product","3":"status-publish","4":"has-post-thumbnail","6":"product_cat-non-classe","8":"first","9":"instock","10":"shipping-taxable","11":"purchasable","12":"product-type-variable"},"_links":{"self":[{"href":"https:\/\/badmintonlachine.com\/2015\/wp-json\/wp\/v2\/product\/13209","targetHints":{"allow":["GET"]}}],"collection":[{"href":"https:\/\/badmintonlachine.com\/2015\/wp-json\/wp\/v2\/product"}],"about":[{"href":"https:\/\/badmintonlachine.com\/2015\/wp-json\/wp\/v2\/types\/product"}],"wp:featuredmedia":[{"embeddable":true,"href":"https:\/\/badmintonlachine.com\/2015\/wp-json\/wp\/v2\/media\/13210"}],"wp:attachment":[{"href":"https:\/\/badmintonlachine.com\/2015\/wp-json\/wp\/v2\/media?parent=13209"}],"wp:term":[{"taxonomy":"product_brand","embeddable":true,"href":"https:\/\/badmintonlachine.com\/2015\/wp-json\/wp\/v2\/product_brand?post=13209"},{"taxonomy":"product_cat","embeddable":true,"href":"https:\/\/badmintonlachine.com\/2015\/wp-json\/wp\/v2\/product_cat?post=13209"},{"taxonomy":"product_tag","embeddable":true,"href":"https:\/\/badmintonlachine.com\/2015\/wp-json\/wp\/v2\/product_tag?post=13209"}],"curies":[{"name":"wp","href":"https:\/\/api.w.org\/{rel}","templated":true}]}}