{"id":13753,"date":"2023-08-31T10:15:57","date_gmt":"2023-08-31T14:15:57","guid":{"rendered":"https:\/\/badmintonlachine.com\/2015\/?post_type=product&#038;p=13753"},"modified":"2025-09-06T12:02:45","modified_gmt":"2025-09-06T16:02:45","slug":"camp-de-pre-saison-badminton-lachine-2-et-3-septembre","status":"publish","type":"product","link":"https:\/\/badmintonlachine.com\/2015\/produit\/camp-de-pre-saison-badminton-lachine-2-et-3-septembre\/","title":{"rendered":"Invit\u00e9 &#8211; Camp de Pr\u00e9-Saison Badminton Lachine 2025"},"content":{"rendered":"<p>Le camp de Pr\u00e9-Saison \u00c9lite de Badminton Lachine est de retour cet automne 2025<br \/>Il se tiendra au Gymnase du coll\u00e8ge Sainte-Anne de Lachine.<\/p>\n","protected":false},"excerpt":{"rendered":"<p>Invitation au camp de Pr\u00e9-Saison Badminton Lachine 2025<br \/>Au Gymnase du coll\u00e8ge Sainte-Anne de Lachine.<\/p>\n","protected":false},"featured_media":13759,"template":"","meta":[],"product_brand":[],"product_cat":[111],"product_tag":[],"class_list":{"0":"post-13753","1":"product","2":"type-product","3":"status-publish","4":"has-post-thumbnail","6":"product_cat-camp-specialise","8":"first","9":"instock","10":"shipping-taxable","11":"purchasable","12":"product-type-variable"},"_links":{"self":[{"href":"https:\/\/badmintonlachine.com\/2015\/wp-json\/wp\/v2\/product\/13753","targetHints":{"allow":["GET"]}}],"collection":[{"href":"https:\/\/badmintonlachine.com\/2015\/wp-json\/wp\/v2\/product"}],"about":[{"href":"https:\/\/badmintonlachine.com\/2015\/wp-json\/wp\/v2\/types\/product"}],"wp:featuredmedia":[{"embeddable":true,"href":"https:\/\/badmintonlachine.com\/2015\/wp-json\/wp\/v2\/media\/13759"}],"wp:attachment":[{"href":"https:\/\/badmintonlachine.com\/2015\/wp-json\/wp\/v2\/media?parent=13753"}],"wp:term":[{"taxonomy":"product_brand","embeddable":true,"href":"https:\/\/badmintonlachine.com\/2015\/wp-json\/wp\/v2\/product_brand?post=13753"},{"taxonomy":"product_cat","embeddable":true,"href":"https:\/\/badmintonlachine.com\/2015\/wp-json\/wp\/v2\/product_cat?post=13753"},{"taxonomy":"product_tag","embeddable":true,"href":"https:\/\/badmintonlachine.com\/2015\/wp-json\/wp\/v2\/product_tag?post=13753"}],"curies":[{"name":"wp","href":"https:\/\/api.w.org\/{rel}","templated":true}]}}