{"id":13795,"date":"2023-11-08T23:55:05","date_gmt":"2023-11-09T04:55:05","guid":{"rendered":"https:\/\/badmintonlachine.com\/2015\/?post_type=product&#038;p=13795"},"modified":"2024-01-01T16:04:00","modified_gmt":"2024-01-01T21:04:00","slug":"cours-prive-par-andrew-choi","status":"publish","type":"product","link":"https:\/\/badmintonlachine.com\/2015\/produit\/cours-prive-par-andrew-choi\/","title":{"rendered":"Cours priv\u00e9 par Andrew Choi"},"content":{"rendered":"<p>Andrew offre des cours de 1 ou 2 heures en mode individuel (cours priv\u00e9)<\/p>\n<p>Pour assurer une bonne logistique des cours, nous vous demandons de respecter ces r\u00e8gles de r\u00e9servation :<\/p>\n<p>1) Contactez l&rsquo;entraineur pour planifier avec lui l&rsquo;horaire du cours<br \/>\n2) Planifiez avec lui l\u2019horaire du cours<br \/>\n3) Proc\u00e9dez au paiement du cours sur le site du club<\/p>\n<p>Les commandes ne seront accept\u00e9es que si elles ont \u00e9t\u00e9 planifi\u00e9es.<\/p>\n<p>Vous pouvez contacter Andrew au num\u00e9ro suivant : <a class=\"c-link\" href=\"tel:514-566-7574\" target=\"_blank\" rel=\"noopener noreferrer\" data-stringify-link=\"tel:514-566-7574\" data-sk=\"tooltip_parent\">514-566-7574<\/a><\/p>\n","protected":false},"excerpt":{"rendered":"<p>Andrew offre des cours de 1 ou 2 heures en mode individuel (cours priv\u00e9)<\/p>\n<p>Pour assurer une bonne logistique des cours, nous vous demandons de respecter ces r\u00e8gles de r\u00e9servation :<\/p>\n<p>1) Contactez l&rsquo;entraineur pour planifier avec lui l&rsquo;horaire du cours<br \/>\n2) Planifiez avec lui l\u2019horaire du cours<br \/>\n3) Proc\u00e9dez au paiement du cours sur le site du club<\/p>\n<p>Les commandes ne seront accept\u00e9es que si elles ont \u00e9t\u00e9 planifi\u00e9es.<\/p>\n<p>Vous pouvez contacter Andrew au num\u00e9ro suivant : <a class=\"c-link\" href=\"tel:514-566-7574\" target=\"_blank\" rel=\"noopener noreferrer\" data-stringify-link=\"tel:514-566-7574\" data-sk=\"tooltip_parent\">514-566-7574<\/a><\/p>\n","protected":false},"featured_media":13796,"template":"","meta":[],"product_brand":[],"product_cat":[68,66,67],"product_tag":[],"class_list":{"0":"post-13795","1":"product","2":"type-product","3":"status-publish","4":"has-post-thumbnail","6":"product_cat-cours-prives","7":"product_cat-cours-prives-pour-adultes","8":"product_cat-cours-prives-pour-jeunes","10":"first","11":"instock","12":"virtual","13":"purchasable","14":"product-type-simple"},"_links":{"self":[{"href":"https:\/\/badmintonlachine.com\/2015\/wp-json\/wp\/v2\/product\/13795","targetHints":{"allow":["GET"]}}],"collection":[{"href":"https:\/\/badmintonlachine.com\/2015\/wp-json\/wp\/v2\/product"}],"about":[{"href":"https:\/\/badmintonlachine.com\/2015\/wp-json\/wp\/v2\/types\/product"}],"wp:featuredmedia":[{"embeddable":true,"href":"https:\/\/badmintonlachine.com\/2015\/wp-json\/wp\/v2\/media\/13796"}],"wp:attachment":[{"href":"https:\/\/badmintonlachine.com\/2015\/wp-json\/wp\/v2\/media?parent=13795"}],"wp:term":[{"taxonomy":"product_brand","embeddable":true,"href":"https:\/\/badmintonlachine.com\/2015\/wp-json\/wp\/v2\/product_brand?post=13795"},{"taxonomy":"product_cat","embeddable":true,"href":"https:\/\/badmintonlachine.com\/2015\/wp-json\/wp\/v2\/product_cat?post=13795"},{"taxonomy":"product_tag","embeddable":true,"href":"https:\/\/badmintonlachine.com\/2015\/wp-json\/wp\/v2\/product_tag?post=13795"}],"curies":[{"name":"wp","href":"https:\/\/api.w.org\/{rel}","templated":true}]}}