{"id":14070,"date":"2024-11-21T17:09:14","date_gmt":"2024-11-21T22:09:14","guid":{"rendered":"https:\/\/badmintonlachine.com\/2015\/?post_type=product&#038;p=14070"},"modified":"2025-10-14T13:00:10","modified_gmt":"2025-10-14T17:00:10","slug":"interclub-membership","status":"publish","type":"product","link":"https:\/\/badmintonlachine.com\/2015\/produit\/interclub-membership\/","title":{"rendered":"Interclub Membership"},"content":{"rendered":"\n<p class=\"body\"><strong>Bienvenue au Championnat Interclubs de Badminton de Montr\u00e9al<\/strong><\/p>\n\n\n\n<p>Badminton Lachine participe \u00e0 cet \u00e9v\u00e9nement incontournable, rassemblant<br \/>les meilleures \u00e9quipes de la r\u00e9gion. Ce championnat vous promet des<br \/>moments de coh\u00e9sion et de comp\u00e9tition intense!<\/p>\n\n\n\n<p>Que vous soyez un habitu\u00e9 des comp\u00e9titions par \u00e9quipe ou curieux de<br \/>d\u00e9couvrir le potentiel de votre groupe de sportifs pr\u00e9f\u00e9r\u00e9, cette comp\u00e9tition<br \/>est une occasion unique de rencontrer des joueurs talentueux et de vivre<br \/>l\u2019ambiance d\u2019un championnat exaltant.<br \/>&gt; Comp\u00e9tition par \u00e9quipe de niveau A,B et C. Inscriptions en ligne<br \/>faciles et rapides. Des r\u00e9compenses ainsi qu\u2019un Cash Prize pour les<br \/>\u00e9quipes gagnantes. Un environnement convivial et propice \u00e0 la<br \/>performance<br \/><\/p>\n\n\n\n<p>G\u00e9n\u00e9ralit\u00e9s<br \/>Le Championnat Interclubs comprend trois divisions :\u00a0A,\u00a0B\u00a0et\u00a0C<br \/>Il se d\u00e9roule sur des\u00a0cr\u00e9neaux de 3h\u00a0(un cr\u00e9neau par rencontre)<br \/>le\u00a0Dimanche de 17h \u00e0 20h,\u00a0sans interf\u00e9rer avec les autres comp\u00e9titions<br \/>(Badminton Qu\u00e9bec, Aces, Classic Lachine etc&#8230;)<br \/>Les \u00e9quipes devront \u00eatre compos\u00e9es de\u00a06 \u00e0 8 joueurs\u00a0(minimum 4<br \/>hommes et 2 femmes)<br \/><\/p>\n\n\n\n<p>Les joueurs&nbsp;class\u00e9s au provincial&nbsp;ne peuvent pas jouer dans une division<br \/>inf\u00e9rieure \u00e0 leur classement, ex: un joueur class\u00e9 B provincial ne peut pas<br \/>jouer dans une \u00e9quipe inscrite en division C<br \/>Chacune des 6 rencontres comprend&nbsp;8 matchs<br \/>Chaque joueur joue un maximum de 2 matchs (except\u00e9 pour les \u00e9quipes<br \/>compos\u00e9es de 2 filles, une des filles jouera 3 matchs)<br \/>Un joueur ne peut pas jouer 2 matchs de la m\u00eame cat\u00e9gorie ex: 2 simples<br \/>hommes.Les joueurs ayant le meilleur classement provincial dans l\u2019\u00e9quipe<br \/>doivent jouer les matchs les plus hauts, ex: les deux hommes jouant les deux<br \/>simples hommes sont class\u00e9s A et B, le joueur class\u00e9 A devra jouer le SH1 et<br \/>le joueur class\u00e9 B devra jouer le SH2.<br \/><\/p>\n\n\n\n<p class=\"has-text-align-left\">Le Championnat se d\u00e9roule en plein centre de l\u2019\u00eele au :\u00a0Coll\u00e8ge Jean-<br \/>Eudes,\u00a03535 Boulevard Rosemont,Montr\u00e9al, QC H1X 1K7<br \/>&gt; https:\/\/icbadmontreal.com\/reglement<br \/>&gt; Les 6 rencontres seront \u00e0 choisir parmi ces dates. Notre agent<br \/>de d\u00e9veloppement communiquera avec vous<\/p>\n\n\n\n<ul class=\"wp-block-list\">\n<li>19 \u2013 26 Octobre<a href=\"https:\/\/icbadmontreal.com\/reglement\" target=\"_blank\" rel=\"noreferrer noopener\"><\/a><\/li>\n\n\n\n<li>9 &#8211; 16 \u2013 23 Novembre<\/li>\n\n\n\n<li>7 \u2013 14 D\u00e9cembre<\/li>\n\n\n\n<li>25 Janvier<\/li>\n\n\n\n<li>1 &#8211; 8 &#8211; 15 \u2013 22 F\u00e9vrier<\/li>\n\n\n\n<li>1 &#8211; 8 &#8211; 15 &#8211; 22 \u2013 29 Mars<\/li>\n\n\n\n<li>5 \u2013 19 Avril<\/li>\n\n\n\n<li>3 &#8211; 10 &#8211; 17 &#8211; 24 \u2013 31 Mai<\/li>\n\n\n\n<li>7 &#8211; 14 \u2013 21 Juin<\/li>\n<\/ul>\n","protected":false},"excerpt":{"rendered":"<p>Ce produit est r\u00e9serv\u00e9 aux membres de Badminton Lachine qui ont \u00e9t\u00e9 s\u00e9lectionn\u00e9s et invit\u00e9s \u00e0 s&rsquo;inscrire.<\/p>\n<p>&nbsp;<\/p>\n","protected":false},"featured_media":14071,"template":"","meta":[],"product_brand":[],"product_cat":[97],"product_tag":[],"class_list":{"0":"post-14070","1":"product","2":"type-product","3":"status-publish","4":"has-post-thumbnail","6":"product_cat-non-classe","8":"first","9":"instock","10":"shipping-taxable","11":"purchasable","12":"product-type-simple"},"_links":{"self":[{"href":"https:\/\/badmintonlachine.com\/2015\/wp-json\/wp\/v2\/product\/14070","targetHints":{"allow":["GET"]}}],"collection":[{"href":"https:\/\/badmintonlachine.com\/2015\/wp-json\/wp\/v2\/product"}],"about":[{"href":"https:\/\/badmintonlachine.com\/2015\/wp-json\/wp\/v2\/types\/product"}],"wp:featuredmedia":[{"embeddable":true,"href":"https:\/\/badmintonlachine.com\/2015\/wp-json\/wp\/v2\/media\/14071"}],"wp:attachment":[{"href":"https:\/\/badmintonlachine.com\/2015\/wp-json\/wp\/v2\/media?parent=14070"}],"wp:term":[{"taxonomy":"product_brand","embeddable":true,"href":"https:\/\/badmintonlachine.com\/2015\/wp-json\/wp\/v2\/product_brand?post=14070"},{"taxonomy":"product_cat","embeddable":true,"href":"https:\/\/badmintonlachine.com\/2015\/wp-json\/wp\/v2\/product_cat?post=14070"},{"taxonomy":"product_tag","embeddable":true,"href":"https:\/\/badmintonlachine.com\/2015\/wp-json\/wp\/v2\/product_tag?post=14070"}],"curies":[{"name":"wp","href":"https:\/\/api.w.org\/{rel}","templated":true}]}}