{"id":14883,"date":"2025-11-02T13:23:56","date_gmt":"2025-11-02T18:23:56","guid":{"rendered":"https:\/\/badmintonlachine.com\/2015\/?post_type=product&#038;p=14883"},"modified":"2025-11-02T13:27:53","modified_gmt":"2025-11-02T18:27:53","slug":"cours-adultes-debutants","status":"publish","type":"product","link":"https:\/\/badmintonlachine.com\/2015\/produit\/cours-adultes-debutants\/","title":{"rendered":"Cours adultes d\u00e9butants (6 s\u00e9ances)"},"content":{"rendered":"<p>Dans le cadre du d\u00e9veloppement de ses activit\u00e9s, Badminton Lachine vous propose de rejoindre le cours pilote adultes d\u00e9butant\/interm\u00e9diaires, encadr\u00e9 par notre coach Shermicah.<\/p>\n<ul>\n<li>Quand : les 6 mercredis\u00a0 5 novembre au 10 d\u00e9cembre 2025, de 20h00 \u00e0 22h00<\/li>\n<li>O\u00f9 : \u00e9cole Martin Belanger , 29 Av. Ouellette, Lachine, QC H8R 1C9<\/li>\n<li>Quoi : Pratique technique, physique, jeu<\/li>\n<li>Mat\u00e9riel : nous fournissons les volants plastiques<\/li>\n<li>Prix : 60 $ pour 6 s\u00e9ances de 2 heures, soit 5$ l\u2019heureSi vous avez des questions,<\/li>\n<\/ul>\n<p>N\u2019h\u00e9sitez pas \u00e0 contacter notre agent de d\u00e9veloppement par courriel <a class=\"c-link\" href=\"mailto:Sylvain@badmintonlachine.com\" target=\"_blank\" rel=\"noopener noreferrer\" data-stringify-link=\"mailto:Sylvain@badmintonlachine.com\" data-sk=\"tooltip_parent\" aria-haspopup=\"menu\">Sylvain@badmintonlachine.com<\/a><\/p>\n","protected":false},"excerpt":{"rendered":"<p>Dans le cadre du d\u00e9veloppement de ses activit\u00e9s, Badminton Lachine vous propose de rejoindre le cours pilote adultes d\u00e9butant\/interm\u00e9diaires, encadr\u00e9 par notre coach Shermicah.<\/p>\n","protected":false},"featured_media":14884,"template":"","meta":[],"product_brand":[],"product_cat":[97],"product_tag":[],"class_list":{"0":"post-14883","1":"product","2":"type-product","3":"status-publish","4":"has-post-thumbnail","6":"product_cat-non-classe","8":"first","9":"instock","10":"shipping-taxable","11":"purchasable","12":"product-type-simple"},"_links":{"self":[{"href":"https:\/\/badmintonlachine.com\/2015\/wp-json\/wp\/v2\/product\/14883","targetHints":{"allow":["GET"]}}],"collection":[{"href":"https:\/\/badmintonlachine.com\/2015\/wp-json\/wp\/v2\/product"}],"about":[{"href":"https:\/\/badmintonlachine.com\/2015\/wp-json\/wp\/v2\/types\/product"}],"wp:featuredmedia":[{"embeddable":true,"href":"https:\/\/badmintonlachine.com\/2015\/wp-json\/wp\/v2\/media\/14884"}],"wp:attachment":[{"href":"https:\/\/badmintonlachine.com\/2015\/wp-json\/wp\/v2\/media?parent=14883"}],"wp:term":[{"taxonomy":"product_brand","embeddable":true,"href":"https:\/\/badmintonlachine.com\/2015\/wp-json\/wp\/v2\/product_brand?post=14883"},{"taxonomy":"product_cat","embeddable":true,"href":"https:\/\/badmintonlachine.com\/2015\/wp-json\/wp\/v2\/product_cat?post=14883"},{"taxonomy":"product_tag","embeddable":true,"href":"https:\/\/badmintonlachine.com\/2015\/wp-json\/wp\/v2\/product_tag?post=14883"}],"curies":[{"name":"wp","href":"https:\/\/api.w.org\/{rel}","templated":true}]}}