{"id":8708,"date":"2019-11-19T15:36:35","date_gmt":"2019-11-19T20:36:35","guid":{"rendered":"https:\/\/badmintonlachine.com\/2015\/?post_type=product&#038;p=8708"},"modified":"2026-04-05T16:26:02","modified_gmt":"2026-04-05T20:26:02","slug":"cordage-dune-raquette","status":"publish","type":"product","link":"https:\/\/badmintonlachine.com\/2015\/produit\/cordage-dune-raquette\/","title":{"rendered":"Cordage d&rsquo;une raquette"},"content":{"rendered":"<p>Vous pouvez d\u00e9poser la raquette \u00e0 corder \u00e0 l&rsquo;animateur de gymnase, ou directement \u00e0 Ren\u00e9, notre cordeur, s&rsquo;il est pr\u00e9sent sur place.<\/p>\n<p>L&rsquo;animateur y apposera une \u00e9tiquette avec votre nom et votre num\u00e9ro de telephone.<\/p>\n<p>Par la suite, vous devez vous rendre sur le site du club dans la section BOUTIQUE et s\u00e9lectionner le produit CORDAGE D&rsquo;UNE RAQUETTE.<\/p>\n<p>C&rsquo;est l\u00e0 que vous pourrez choisir le type de cordage, indiquer la marque et le mod\u00e8le de votre raquette et indiquer la tension souhait\u00e9e.<\/p>\n<p>D\u00e8s que le paiement sera compl\u00e9t\u00e9, la commande sera activ\u00e9e et votre raquette sera plac\u00e9e en ligne de priorit\u00e9 pour \u00eatre cord\u00e9e.<\/p>\n<p>(\u00e0 noter : tant que le paiement n&rsquo;est pas compl\u00e9t\u00e9, le cordeur ne dispose pas des informations n\u00e9cessaires pour d\u00e9buter le travail)<\/p>\n<p>Lorsque votre raquette sera pr\u00eate, vous recevrez un courriel \u00e0 l&rsquo;adresse indiqu\u00e9e lors du paiement du service de cordage.<\/p>\n<p>Votre raquette cord\u00e9e \u00e0 neuf sera disponible au d\u00e9but de votre prochaine session d&rsquo;entrainement (veuillez pr\u00e9senter le recu de paiement).<\/p>\n<p>Les prix incluent le cordage et le service de pose.<\/p>\n<p>Pour toute demande sp\u00e9ciale, n&rsquo;h\u00e9sitez pas \u00e0 contacter Ren\u00e9 au 514-262-7717 ou \u00e0 rene@badmintonlachine.com<\/p>\n<p>&nbsp;<\/p>\n<h5><em><span style=\"text-decoration: underline;\">D\u00e9gagement de responsabilit\u00e9<\/span> : <\/em><em>\u00c9tant donn\u00e9 la tension \u00e9lev\u00e9e appliqu\u00e9e sur les raquettes de badminton lors du processus de cordage, Badminton Lachine se d\u00e9gage de toute responsabilit\u00e9 en cas de bris du cadre lors de cette manipulation. Il est de la responsabilit\u00e9 du client de s&rsquo;assurer que la tension demand\u00e9e respecte les limites recommand\u00e9es par le manufacturier. Toute raquette endommag\u00e9e ou dont le cadre montre des marques visibles de chocs pourra \u00eatre refus\u00e9e par le cordeur. Nous vous informerons alors de la situation et l&rsquo;achat vous sera rembours\u00e9.<\/em><\/h5>\n","protected":false},"excerpt":{"rendered":"<p>D\u00e9posez votre raquette \u00e0 corder \u00e0 l&rsquo;animateur de gymnase puis rendez vous dans la BOUTIQUE du site web du club pour effectuer le choix du cordage et de la tension avant d&rsquo;effectuer votre paiement.<\/p>\n<p>D\u00e8s que le paiement sera compl\u00e9t\u00e9, la commande sera activ\u00e9e et votre raquette sera plac\u00e9e en ligne de priorit\u00e9 pour \u00eatre cord\u00e9e.<\/p>\n<p>Lorsque votre raquette sera pr\u00eate, vous recevrez un courriel \u00e0 l&rsquo;adresse indiqu\u00e9e et vous pourrez r\u00e9cup\u00e9rer votre raquette au d\u00e9but de votre prochaine soir\u00e9e de pratique.<\/p>\n","protected":false},"featured_media":8709,"template":"","meta":[],"product_brand":[],"product_cat":[97],"product_tag":[],"class_list":{"0":"post-8708","1":"product","2":"type-product","3":"status-publish","4":"has-post-thumbnail","6":"product_cat-non-classe","8":"first","9":"instock","10":"sale","11":"shipping-taxable","12":"purchasable","13":"product-type-variable"},"_links":{"self":[{"href":"https:\/\/badmintonlachine.com\/2015\/wp-json\/wp\/v2\/product\/8708","targetHints":{"allow":["GET"]}}],"collection":[{"href":"https:\/\/badmintonlachine.com\/2015\/wp-json\/wp\/v2\/product"}],"about":[{"href":"https:\/\/badmintonlachine.com\/2015\/wp-json\/wp\/v2\/types\/product"}],"wp:featuredmedia":[{"embeddable":true,"href":"https:\/\/badmintonlachine.com\/2015\/wp-json\/wp\/v2\/media\/8709"}],"wp:attachment":[{"href":"https:\/\/badmintonlachine.com\/2015\/wp-json\/wp\/v2\/media?parent=8708"}],"wp:term":[{"taxonomy":"product_brand","embeddable":true,"href":"https:\/\/badmintonlachine.com\/2015\/wp-json\/wp\/v2\/product_brand?post=8708"},{"taxonomy":"product_cat","embeddable":true,"href":"https:\/\/badmintonlachine.com\/2015\/wp-json\/wp\/v2\/product_cat?post=8708"},{"taxonomy":"product_tag","embeddable":true,"href":"https:\/\/badmintonlachine.com\/2015\/wp-json\/wp\/v2\/product_tag?post=8708"}],"curies":[{"name":"wp","href":"https:\/\/api.w.org\/{rel}","templated":true}]}}